{"id":148,"date":"2023-06-02T15:19:45","date_gmt":"2023-06-02T15:19:45","guid":{"rendered":"https:\/\/iespjosejimenezborja.edu.pe\/?page_id=148"},"modified":"2023-06-12T17:47:30","modified_gmt":"2023-06-12T17:47:30","slug":"148-2","status":"publish","type":"page","link":"https:\/\/iespjosejimenezborja.edu.pe\/?page_id=148","title":{"rendered":"Valores"},"content":{"rendered":"<p>[et_pb_section fb_built=\u00bb1&#8243; fullwidth=\u00bbon\u00bb admin_label=\u00bbHero\u00bb _builder_version=\u00bb4.16&#8243; background_image=\u00bbhttps:\/\/iespjosejimenezborja.edu.pe\/wp-content\/uploads\/2023\/05\/hdgdgh.jpg\u00bb parallax=\u00bbon\u00bb top_divider_style=\u00bbclouds2&#8243; top_divider_color=\u00bbrgba(255,255,255,0.3)\u00bb top_divider_height=\u00bb100%\u00bb bottom_divider_height=\u00bb30px\u00bb global_colors_info=\u00bb{}\u00bb][et_pb_fullwidth_header title=\u00bbNuestros\u00bb subhead=\u00bbPrincipios y Valores Institucionales\u00bb text_orientation=\u00bbcenter\u00bb _builder_version=\u00bb4.21.0&#8243; title_level=\u00bbh2&#8243; title_font=\u00bbRubik|700||on|||||\u00bb title_text_color=\u00bb#ff7355&#8243; title_font_size=\u00bb16px\u00bb title_letter_spacing=\u00bb5px\u00bb title_line_height=\u00bb2em\u00bb content_font=\u00bbRubik||||||||\u00bb content_font_size=\u00bb18px\u00bb content_line_height=\u00bb2em\u00bb subhead_font=\u00bbRubik|700|||||||\u00bb subhead_text_color=\u00bbrgba(0,0,0,0.8)\u00bb subhead_font_size=\u00bb50px\u00bb subhead_line_height=\u00bb1.4em\u00bb background_color=\u00bbrgba(255,255,255,0)\u00bb use_background_color_gradient=\u00bbon\u00bb background_color_gradient_stops=\u00bbrgba(255,255,255,0.7) 0%|#ffffff 100%\u00bb background_color_gradient_start=\u00bbrgba(255,255,255,0.7)\u00bb background_color_gradient_end=\u00bb#ffffff\u00bb background_size=\u00bbcontain\u00bb background_position=\u00bbbottom_center\u00bb custom_button_one=\u00bbon\u00bb button_one_text_size=\u00bb16px\u00bb button_one_text_color=\u00bb#ffffff\u00bb button_one_bg_color=\u00bb#ff7355&#8243; button_one_border_width=\u00bb15px\u00bb button_one_border_color=\u00bbrgba(210,159,104,0)\u00bb button_one_border_radius=\u00bb100px\u00bb button_one_letter_spacing=\u00bb0px\u00bb button_one_font=\u00bbRubik|700|||||||\u00bb button_one_use_icon=\u00bboff\u00bb custom_button_two=\u00bbon\u00bb button_two_text_size=\u00bb16px\u00bb button_two_text_color=\u00bb#ffffff\u00bb button_two_bg_color=\u00bbrgba(0,0,0,0.6)\u00bb button_two_border_width=\u00bb15px\u00bb button_two_border_color=\u00bbrgba(210,159,104,0)\u00bb button_two_border_radius=\u00bb100px\u00bb button_two_letter_spacing=\u00bb0px\u00bb button_two_font=\u00bbRubik|700|||||||\u00bb button_two_use_icon=\u00bboff\u00bb background_layout=\u00bblight\u00bb custom_margin=\u00bb|||\u00bb custom_padding=\u00bb8vw||4vw|\u00bb animation_style=\u00bbslide\u00bb animation_direction=\u00bbbottom\u00bb animation_intensity_slide=\u00bb1%\u00bb subhead_font_size_tablet=\u00bb\u00bb subhead_font_size_phone=\u00bb30px\u00bb subhead_font_size_last_edited=\u00bbon|phone\u00bb button_one_border_radius_hover=\u00bb100px\u00bb button_two_border_radius_hover=\u00bb100px\u00bb button_one_bg_color_hover=\u00bb#ff8a70&#8243; button_two_bg_color_hover=\u00bb#ff8a70&#8243; global_colors_info=\u00bb{}\u00bb button_one_text_size__hover_enabled=\u00bboff\u00bb button_two_text_size__hover_enabled=\u00bboff\u00bb button_one_text_color__hover_enabled=\u00bboff\u00bb button_two_text_color__hover_enabled=\u00bboff\u00bb button_one_border_width__hover_enabled=\u00bboff\u00bb button_two_border_width__hover_enabled=\u00bboff\u00bb button_one_border_color__hover_enabled=\u00bboff\u00bb button_two_border_color__hover_enabled=\u00bboff\u00bb button_one_border_radius__hover_enabled=\u00bbon\u00bb button_one_border_radius__hover=\u00bb100px\u00bb button_two_border_radius__hover_enabled=\u00bbon\u00bb button_two_border_radius__hover=\u00bb100px\u00bb button_one_letter_spacing__hover_enabled=\u00bboff\u00bb button_two_letter_spacing__hover_enabled=\u00bboff\u00bb button_one_bg_color__hover_enabled=\u00bbon\u00bb button_one_bg_color__hover=\u00bb#ff8a70&#8243; button_two_bg_color__hover_enabled=\u00bbon\u00bb button_two_bg_color__hover=\u00bb#ff8a70&#8243;][\/et_pb_fullwidth_header][\/et_pb_section][et_pb_section fb_built=\u00bb1&#8243; admin_label=\u00bbPrograms\u00bb _builder_version=\u00bb4.21.0&#8243; background_size=\u00bbinitial\u00bb custom_padding=\u00bb0px|0px|0px|0px|true|false\u00bb global_colors_info=\u00bb{}\u00bb][et_pb_row admin_label=\u00bbTitle Row\u00bb _builder_version=\u00bb4.16&#8243; global_colors_info=\u00bb{}\u00bb][et_pb_column type=\u00bb4_4&#8243; _builder_version=\u00bb4.16&#8243; custom_padding=\u00bb|||\u00bb global_colors_info=\u00bb{}\u00bb custom_padding__hover=\u00bb|||\u00bb][et_pb_text _builder_version=\u00bb4.21.0&#8243; text_font=\u00bbRubik|500|||||||\u00bb text_font_size=\u00bb18px\u00bb text_line_height=\u00bb2em\u00bb header_font=\u00bb||||||||\u00bb header_2_font=\u00bbRubik|700|||||||\u00bb header_2_font_size=\u00bb40px\u00bb header_2_line_height=\u00bb1.4em\u00bb header_5_font=\u00bbRubik|700||on|||||\u00bb header_5_text_color=\u00bb#2b76df\u00bb header_5_letter_spacing=\u00bb5px\u00bb header_5_line_height=\u00bb1.5em\u00bb text_orientation=\u00bbjustified\u00bb max_width=\u00bb1147px\u00bb module_alignment=\u00bbcenter\u00bb custom_margin=\u00bb|||\u00bb custom_margin_tablet=\u00bb0px|||\u00bb custom_margin_last_edited=\u00bboff|desktop\u00bb hover_enabled=\u00bb0&#8243; text_line_height_last_edited=\u00bboff|desktop\u00bb header_2_font_size_tablet=\u00bb\u00bb header_2_font_size_phone=\u00bb30px\u00bb header_2_font_size_last_edited=\u00bbon|phone\u00bb global_colors_info=\u00bb{}\u00bb custom_padding=\u00bb||0px|||\u00bb sticky_enabled=\u00bb0&#8243;]<\/p>\n<p><strong><span style=\"text-decoration: underline;\">Principios institucionales:<\/span><\/strong><\/p>\n<p>&#8211; <strong>Calidad educativa:<\/strong> capacidad de la educaci\u00f3n superior para adecuarse a las demandas<br \/>del entorno y, a la vez, trabajar en una previsi\u00f3n de necesidades futuras, tomando en cuenta<br \/>el entorno laboral, social, cultural y personal de los beneficiarios de manera inclusiva,<br \/>asequible y accesible. Valora los resultados que alcanza la instituci\u00f3n con el aprendizaje de<br \/>los estudiantes y en el reconocimiento de estos por parte de su medio social, laboral y<br \/>cultural.<br \/>&#8211; <strong>Pertinencia<\/strong>: relaciona la oferta educativa con la demanda del sector productivo y<br \/>educativo, las necesidades de desarrollo local, regional, y las necesidades de servicios a<br \/>nivel local, regional, nacional e internacional.<br \/>&#8211; Flexibilidad: permite el tr\u00e1nsito entre los diversos niveles de calificaci\u00f3n en el mundo<br \/>educativo y del trabajo, as\u00ed como la permeabilidad con los cambios del entorno social.<\/p>\n<p><strong>&#8211; Inclusi\u00f3n social:<\/strong> permite que todas las personas, sin discriminaci\u00f3n, ejerzan sus<br \/>derechos, aprovechen sus habilidades, potencien sus identidades y tomen ventajas de las<br \/>oportunidades que les ofrezca su medio, accediendo a servicios p\u00fablicos de calidad, de<br \/>manera que los factores culturales, econ\u00f3micos, sociales, \u00e9tnicos y geogr\u00e1ficos se<br \/>constituyan en facilitadores para el acceso a la Educaci\u00f3n Superior.<br \/><strong>&#8211; Transparencia:<\/strong> la educaci\u00f3n superior requiere sistemas de informaci\u00f3n y comunicaci\u00f3n<br \/>accesibles, transparentes, \u00e1giles y actualizadas que faciliten la toma de decisi\u00f3n en las<br \/>distintas actividades de manera informada y orientada a los procesos de mejora continua,<br \/>tanto a nivel institucional como a nivel de oferta.<br \/><strong>&#8211; Equidad:<\/strong> busca que el servicio educativo alcance a todas las personas, evitando<br \/>situaciones de discriminaci\u00f3n y desigualdad por motivo de origen, raza, sexo, idioma,<br \/>religi\u00f3n, opini\u00f3n, condici\u00f3n econ\u00f3mica o de cualquier otra \u00edndole. Asimismo, promueve las<br \/>pol\u00edticas de reconocimiento positivo de la diversidad cultural, por ello garantizan los ajustes<br \/>razonables que permitan el acceso y permanencia de poblaciones en vulnerabilidad o<br \/>discapacidad.<\/p>\n<p>&nbsp;<\/p>\n<p><strong><span style=\"text-decoration: underline;\">Valores institucionales<\/span><\/strong><\/p>\n<p><strong>&#8211; Respeto y cooperaci\u00f3n<\/strong><\/p>\n<p>\u00a0 \u00a0* Saluda cotidiana y cordialmente.<br \/>\u00a0 \u00a0* Cuida los espacios de uso com\u00fan.<br \/>\u00a0 \u00a0* Participa en la formulaci\u00f3n de las\u00a0 \u00a0 normas de convivencia.<br \/>\u00a0 \u00a0 * Participa en la conservaci\u00f3n de la higiene en el aula.<br \/>\u00a0 \u00a0 * Respeta la propiedad ajena.<br \/>\u00a0 \u00a0 * Cumple deberes del Reglamento interno del IESP.<br \/>\u00a0 \u00a0 * Es tolerante con sus compa\u00f1eros.<br \/>\u00a0 \u00a0 * Facilita los trabajos y las iniciativas a sus compa\u00f1eros.<br \/>\u00a0 \u00a0 * Participa activamente en los trabajos en equipo.<\/p>\n<p><strong>&#8211; Responsabilidad<\/strong><\/p>\n<p>\u00a0 \u00a0 * Muestra firmeza en el cumplimiento de sus prop\u00f3sitos.<br \/>\u00a0 \u00a0 * Culminan las tareas emprendidas.<br \/>\u00a0 \u00a0 * Muestra constancia y aseo en el trabajo que realiza.<br \/>\u00a0 \u00a0 * Aprende de los errores para mejorar su trabajo.<br \/>\u00a0 \u00a0 * Reacciona positivamente ante los obst\u00e1culos y hace consultas.<br \/>\u00a0 \u00a0 * Es consecuente en sus actos en relaci\u00f3n a su palabra.<br \/>\u00a0 \u00a0 * Cumple a cabalidad con los compromisos que asume.<br \/>\u00a0 \u00a0 * Toma decisiones positivas con autonom\u00eda.<br \/>\u00a0 \u00a0 * Lidera al grupo en el cumplimiento de actividades asignadas.<br \/>\u00a0 \u00a0 * Ingresa a la Instituci\u00f3n a de la hora establecida.<br \/>\u00a0 \u00a0 * Cumple con los horarios establecidos.<br \/>\u00a0 \u00a0 * No registra tardanzas al entrar a la instituci\u00f3n ni al aula.<\/p>\n<p><strong>&#8211; Puntualidad<\/strong><\/p>\n<p>\u00a0 \u00a0 * Sale del aula y\/o de la instituci\u00f3n despu\u00e9s que ha tocado el timbre con la hora pertinente.<br \/>\u00a0 \u00a0 * Sale de la Instituci\u00f3n por motivos justificados y con papeleta de salida.<br \/>\u00a0 \u00a0 * Exige y aporta a que los compromisos se cumplan en el tiempo se\u00f1alado.<\/p>\n<p>&nbsp;<\/p>\n<p>[\/et_pb_text][\/et_pb_column][\/et_pb_row][\/et_pb_section]<\/p>\n","protected":false},"excerpt":{"rendered":"<p>Principios institucionales: &#8211; Calidad educativa: capacidad de la educaci\u00f3n superior para adecuarse a las demandasdel entorno y, a la vez, trabajar en una previsi\u00f3n de necesidades futuras, tomando en cuentael entorno laboral, social, cultural y personal de los beneficiarios de manera inclusiva,asequible y accesible. Valora los resultados que alcanza la instituci\u00f3n con el aprendizaje delos [&hellip;]<\/p>\n","protected":false},"author":1,"featured_media":0,"parent":0,"menu_order":0,"comment_status":"closed","ping_status":"closed","template":"","meta":{"_et_pb_use_builder":"on","_et_pb_old_content":"","_et_gb_content_width":"","footnotes":""},"class_list":["post-148","page","type-page","status-publish","hentry"],"_links":{"self":[{"href":"https:\/\/iespjosejimenezborja.edu.pe\/index.php?rest_route=\/wp\/v2\/pages\/148","targetHints":{"allow":["GET"]}}],"collection":[{"href":"https:\/\/iespjosejimenezborja.edu.pe\/index.php?rest_route=\/wp\/v2\/pages"}],"about":[{"href":"https:\/\/iespjosejimenezborja.edu.pe\/index.php?rest_route=\/wp\/v2\/types\/page"}],"author":[{"embeddable":true,"href":"https:\/\/iespjosejimenezborja.edu.pe\/index.php?rest_route=\/wp\/v2\/users\/1"}],"replies":[{"embeddable":true,"href":"https:\/\/iespjosejimenezborja.edu.pe\/index.php?rest_route=%2Fwp%2Fv2%2Fcomments&post=148"}],"version-history":[{"count":4,"href":"https:\/\/iespjosejimenezborja.edu.pe\/index.php?rest_route=\/wp\/v2\/pages\/148\/revisions"}],"predecessor-version":[{"id":326,"href":"https:\/\/iespjosejimenezborja.edu.pe\/index.php?rest_route=\/wp\/v2\/pages\/148\/revisions\/326"}],"wp:attachment":[{"href":"https:\/\/iespjosejimenezborja.edu.pe\/index.php?rest_route=%2Fwp%2Fv2%2Fmedia&parent=148"}],"curies":[{"name":"wp","href":"https:\/\/api.w.org\/{rel}","templated":true}]}}