{"id":165,"date":"2023-06-02T15:57:57","date_gmt":"2023-06-02T15:57:57","guid":{"rendered":"https:\/\/iespjosejimenezborja.edu.pe\/?page_id=165"},"modified":"2023-06-12T17:28:40","modified_gmt":"2023-06-12T17:28:40","slug":"resena","status":"publish","type":"page","link":"https:\/\/iespjosejimenezborja.edu.pe\/?page_id=165","title":{"rendered":"Rese\u00f1a"},"content":{"rendered":"<p>[et_pb_section fb_built=\u00bb1&#8243; fullwidth=\u00bbon\u00bb admin_label=\u00bbHero\u00bb _builder_version=\u00bb4.16&#8243; background_image=\u00bbhttps:\/\/iespjosejimenezborja.edu.pe\/wp-content\/uploads\/2023\/05\/hdgdgh.jpg\u00bb parallax=\u00bbon\u00bb top_divider_style=\u00bbclouds2&#8243; top_divider_color=\u00bbrgba(255,255,255,0.3)\u00bb top_divider_height=\u00bb100%\u00bb bottom_divider_height=\u00bb30px\u00bb global_colors_info=\u00bb{}\u00bb][et_pb_fullwidth_header title=\u00bbNuestra\u00bb subhead=\u00bbRese\u00f1a Hist\u00f3rica\u00bb text_orientation=\u00bbcenter\u00bb _builder_version=\u00bb4.21.0&#8243; title_level=\u00bbh2&#8243; title_font=\u00bbRubik|700||on|||||\u00bb title_text_color=\u00bb#ff7355&#8243; title_font_size=\u00bb16px\u00bb title_letter_spacing=\u00bb5px\u00bb title_line_height=\u00bb2em\u00bb content_font=\u00bbRubik||||||||\u00bb content_font_size=\u00bb18px\u00bb content_line_height=\u00bb2em\u00bb subhead_font=\u00bbRubik|700|||||||\u00bb subhead_text_color=\u00bbrgba(0,0,0,0.8)\u00bb subhead_font_size=\u00bb50px\u00bb subhead_line_height=\u00bb1.4em\u00bb background_color=\u00bbrgba(255,255,255,0)\u00bb use_background_color_gradient=\u00bbon\u00bb background_color_gradient_stops=\u00bbrgba(255,255,255,0.7) 0%|#ffffff 100%\u00bb background_color_gradient_start=\u00bbrgba(255,255,255,0.7)\u00bb background_color_gradient_end=\u00bb#ffffff\u00bb background_size=\u00bbcontain\u00bb background_position=\u00bbbottom_center\u00bb custom_button_one=\u00bbon\u00bb button_one_text_size=\u00bb16px\u00bb button_one_text_color=\u00bb#ffffff\u00bb button_one_bg_color=\u00bb#ff7355&#8243; button_one_border_width=\u00bb15px\u00bb button_one_border_color=\u00bbrgba(210,159,104,0)\u00bb button_one_border_radius=\u00bb100px\u00bb button_one_letter_spacing=\u00bb0px\u00bb button_one_font=\u00bbRubik|700|||||||\u00bb button_one_use_icon=\u00bboff\u00bb custom_button_two=\u00bbon\u00bb button_two_text_size=\u00bb16px\u00bb button_two_text_color=\u00bb#ffffff\u00bb button_two_bg_color=\u00bbrgba(0,0,0,0.6)\u00bb button_two_border_width=\u00bb15px\u00bb button_two_border_color=\u00bbrgba(210,159,104,0)\u00bb button_two_border_radius=\u00bb100px\u00bb button_two_letter_spacing=\u00bb0px\u00bb button_two_font=\u00bbRubik|700|||||||\u00bb button_two_use_icon=\u00bboff\u00bb background_layout=\u00bblight\u00bb custom_margin=\u00bb|||\u00bb custom_padding=\u00bb8vw||4vw|\u00bb animation_style=\u00bbslide\u00bb animation_direction=\u00bbbottom\u00bb animation_intensity_slide=\u00bb1%\u00bb subhead_font_size_tablet=\u00bb\u00bb subhead_font_size_phone=\u00bb30px\u00bb subhead_font_size_last_edited=\u00bbon|phone\u00bb button_one_border_radius_hover=\u00bb100px\u00bb button_two_border_radius_hover=\u00bb100px\u00bb button_one_bg_color_hover=\u00bb#ff8a70&#8243; button_two_bg_color_hover=\u00bb#ff8a70&#8243; global_colors_info=\u00bb{}\u00bb button_one_text_size__hover_enabled=\u00bboff\u00bb button_two_text_size__hover_enabled=\u00bboff\u00bb button_one_text_color__hover_enabled=\u00bboff\u00bb button_two_text_color__hover_enabled=\u00bboff\u00bb button_one_border_width__hover_enabled=\u00bboff\u00bb button_two_border_width__hover_enabled=\u00bboff\u00bb button_one_border_color__hover_enabled=\u00bboff\u00bb button_two_border_color__hover_enabled=\u00bboff\u00bb button_one_border_radius__hover_enabled=\u00bbon\u00bb button_one_border_radius__hover=\u00bb100px\u00bb button_two_border_radius__hover_enabled=\u00bbon\u00bb button_two_border_radius__hover=\u00bb100px\u00bb button_one_letter_spacing__hover_enabled=\u00bboff\u00bb button_two_letter_spacing__hover_enabled=\u00bboff\u00bb button_one_bg_color__hover_enabled=\u00bbon\u00bb button_one_bg_color__hover=\u00bb#ff8a70&#8243; button_two_bg_color__hover_enabled=\u00bbon\u00bb button_two_bg_color__hover=\u00bb#ff8a70&#8243;][\/et_pb_fullwidth_header][\/et_pb_section][et_pb_section fb_built=\u00bb1&#8243; admin_label=\u00bbPrograms\u00bb _builder_version=\u00bb4.21.0&#8243; background_size=\u00bbinitial\u00bb custom_padding=\u00bb0px|0px|0px|0px|true|false\u00bb global_colors_info=\u00bb{}\u00bb][et_pb_row admin_label=\u00bbTitle Row\u00bb _builder_version=\u00bb4.21.0&#8243; hover_enabled=\u00bb0&#8243; global_colors_info=\u00bb{}\u00bb column_structure=\u00bb1_2,1_2&#8243; width=\u00bb96.9%\u00bb custom_padding=\u00bb|0px||||\u00bb custom_margin=\u00bb|598px||auto||\u00bb max_width=\u00bb1764px\u00bb module_alignment=\u00bbcenter\u00bb sticky_enabled=\u00bb0&#8243;][et_pb_column type=\u00bb1_2&#8243; _builder_version=\u00bb4.16&#8243; custom_padding=\u00bb|||\u00bb global_colors_info=\u00bb{}\u00bb custom_padding__hover=\u00bb|||\u00bb][et_pb_text _builder_version=\u00bb4.21.0&#8243; text_font=\u00bbRubik|500|||||||\u00bb text_font_size=\u00bb19px\u00bb text_line_height=\u00bb2em\u00bb header_font=\u00bb||||||||\u00bb header_2_font=\u00bbRubik|700|||||||\u00bb header_2_font_size=\u00bb40px\u00bb header_2_line_height=\u00bb1.4em\u00bb header_5_font=\u00bbRubik|700||on|||||\u00bb header_5_text_color=\u00bb#2b76df\u00bb header_5_letter_spacing=\u00bb5px\u00bb header_5_line_height=\u00bb1.5em\u00bb text_orientation=\u00bbjustified\u00bb max_width=\u00bb1147px\u00bb module_alignment=\u00bbcenter\u00bb custom_margin=\u00bb|||\u00bb custom_margin_tablet=\u00bb0px|||\u00bb custom_margin_last_edited=\u00bboff|desktop\u00bb hover_enabled=\u00bb0&#8243; text_line_height_last_edited=\u00bboff|desktop\u00bb header_2_font_size_tablet=\u00bb\u00bb header_2_font_size_phone=\u00bb30px\u00bb header_2_font_size_last_edited=\u00bbon|phone\u00bb global_colors_info=\u00bb{}\u00bb sticky_enabled=\u00bb0&#8243;]<\/p>\n<p>El Instituto de Educaci\u00f3n Superior Pedag\u00f3gico Privado \u201cJos\u00e9 Jim\u00e9nez Borja\u201d, es una Instituci\u00f3n de Educaci\u00f3n Superior de Gesti\u00f3n Privada (IESPP), que se cre\u00f3 por el Decreto Supremo N\u00b0 018 \u2013 2002-ED publicado el 19 de agosto de 2002 en el diario El Peruano, ubicado inicialmente en la Calle Elias Aguirre N\u00b0 143, distrito de San Juan de Miraflores, teniendo como misi\u00f3n formar profesores de Educaci\u00f3n Inicial y Primaria, inculcando los conocimientos y valores que permita tener personas de bien para la sociedad.<\/p>\n<p>Desde sus inicios el I.E.S.P privado \u201cJos\u00e9 Jim\u00e9nez Borja\u201d ha estado a cargo de diversos directores como el se\u00f1or Isidro Albino Infantes Aqui\u00f1o, la se\u00f1ora Elcira Argueda Otarola y la se\u00f1ora Yolanda G. Navarrete Villagaray, quienes han desempe\u00f1ado un rol muy importante en el desarrollo de la instituci\u00f3n, siendo los pioneros en la gesti\u00f3n educativa y acad\u00e9mica de la instituci\u00f3n.<\/p>\n<p>El 10 de mayo del 2016 con RD N\u00b0 163-2016-MINEDU\/VMGP\/DIGEDD\/DIFOID, la Direcci\u00f3n de Formaci\u00f3n Inicial Docente (DIFOID) del Ministerio de Educaci\u00f3n, revalid\u00f3 la autorizaci\u00f3n de funcionamiento institucional y de las carreras profesionales, por un periodo de cuatro (4) a\u00f1os desde el 10 de mayo de 2016 hasta el a\u00f1o 2020.<\/p>\n<p>Es as\u00ed que, desde el mes de agosto de 2020 el instituto viene siendo dirigido por la Licenciada Lucila Asalia Robles Agreda, la cual cuenta con el grado de Magister en Educaci\u00f3n con menci\u00f3n de Aprendizaje y Desarrollo Humano y con el grado de Doctorado en la menci\u00f3n de Administraci\u00f3n de la Educaci\u00f3n Desempe\u00f1a, quien bajo su cargo de Directora general se viene realizando una serie de gestiones a favor de la instituci\u00f3n, fortaleciendo el \u00e1rea acad\u00e9mica y estudiantil.<\/p>\n<p>En esa misma l\u00ednea, el \u00e1rea administrativa se encuentra a cargo de la Promotora Hilda Luz Irene Soto Rondinel, y la profesora Norma Luz Soria Palacios quienes gestionan las diferentes \u00e1reas de atenci\u00f3n y asistencia para los estudiantes.<\/p>\n<p>Actualmente, el Instituto se encuentra ubicado en la Manzana C4 Lote 12-13, en el Asentamiento Humano Los Huertos de Manchay, distrito de Pachacamac, provincia y departamento de Lima, el cual tiene autorizaci\u00f3n para brindar las carreras profesionales de Educaci\u00f3n Inicial y Primaria, para ello se cuenta con una plana docente de amplia experiencia, \u00e9tica \u00a0y solvencia profesional as\u00ed , quienes tienen la misi\u00f3n de formar a los \u00a0futuros\u00a0 maestros en conocimientos y valores, con el fin de tener los mejores profesionales, lo cuales podr\u00e1n contar con las herramientas necesarias para insertarse al campo laboral.<\/p>\n<p>A lo largo de los a\u00f1os, el Instituto ha ido mejorando su infraestructura, es as\u00ed que a la fecha se cuenta con ambientes muy c\u00f3modos y amplios de acuerdo a las normas que contribuyen al desarrollo y comodidad de los estudiantes, adem\u00e1s se tiene los permisos municipales correspondientes, como son la Licencia de Apertura y Licencia de Funcionamiento otorgado por la Municipalidad Distrital de Pachacamac.<\/p>\n<p>El Instituto tiene una visi\u00f3n muy amplia y ha mostrado inter\u00e9s en apoyar a las diversas comunidades m\u00e1s alejadas de nuestro pa\u00eds, las cuales muchas veces est\u00e1n olvidadas y no reciben una educaci\u00f3n digna y de calidad, para lo cual, se ha planificado e implementado estrategias permitiendo llegar a los lugares m\u00e1s profundos del territorio peruano, ha estudiantes de los departamento de Ucayali, Loreto, San Mart\u00edn, Cuzco, Piura, Lima Provincias entre otros, los cuales vienen aprovechando al m\u00e1ximo esta oportunidad para ser profesionales competentes y exitosos.<\/p>\n<p>Cabe resaltar que los docentes formadores de la instituci\u00f3n son capacitados de manera constantemente en sus respectivos cursos, lo cual les permite perfeccionar y actualizar sus conocimientos y habilidades para la formaci\u00f3n de los estudiantes.<\/p>\n<p>Por lo cual, el Instituto de Educaci\u00f3n Superior Pedag\u00f3gico Privado \u201cJos\u00e9 Jim\u00e9nez Borja\u201d, resulta ser una alternativa acad\u00e9mica confiable para que los j\u00f3venes puedan cumplir su sue\u00f1o de convertirse en Docentes competitivos en las carreras de educaci\u00f3n inicial o primaria y lograr el \u00e9xito tan anhelado, contribuyendo a una mejor sociedad y al desarrollo del pa\u00eds.<\/p>\n<p>&nbsp;<\/p>\n<p>[\/et_pb_text][\/et_pb_column][et_pb_column type=\u00bb1_2&#8243; _builder_version=\u00bb4.16&#8243; custom_padding=\u00bb|||\u00bb global_colors_info=\u00bb{}\u00bb custom_padding__hover=\u00bb|||\u00bb][et_pb_image src=\u00bbhttps:\/\/iespjosejimenezborja.edu.pe\/wp-content\/uploads\/2023\/05\/FACHADA.png\u00bb _builder_version=\u00bb4.21.0&#8243; _module_preset=\u00bbdefault\u00bb title_text=\u00bbFACHADA\u00bb hover_enabled=\u00bb0&#8243; sticky_enabled=\u00bb0&#8243;][\/et_pb_image][\/et_pb_column][\/et_pb_row][\/et_pb_section]<\/p>\n","protected":false},"excerpt":{"rendered":"<p>El Instituto de Educaci\u00f3n Superior Pedag\u00f3gico Privado \u201cJos\u00e9 Jim\u00e9nez Borja\u201d, es una Instituci\u00f3n de Educaci\u00f3n Superior de Gesti\u00f3n Privada (IESPP), que se cre\u00f3 por el Decreto Supremo N\u00b0 018 \u2013 2002-ED publicado el 19 de agosto de 2002 en el diario El Peruano, ubicado inicialmente en la Calle Elias Aguirre N\u00b0 143, distrito de San [&hellip;]<\/p>\n","protected":false},"author":1,"featured_media":0,"parent":0,"menu_order":0,"comment_status":"closed","ping_status":"closed","template":"","meta":{"_et_pb_use_builder":"on","_et_pb_old_content":"","_et_gb_content_width":"","footnotes":""},"class_list":["post-165","page","type-page","status-publish","hentry"],"_links":{"self":[{"href":"https:\/\/iespjosejimenezborja.edu.pe\/index.php?rest_route=\/wp\/v2\/pages\/165","targetHints":{"allow":["GET"]}}],"collection":[{"href":"https:\/\/iespjosejimenezborja.edu.pe\/index.php?rest_route=\/wp\/v2\/pages"}],"about":[{"href":"https:\/\/iespjosejimenezborja.edu.pe\/index.php?rest_route=\/wp\/v2\/types\/page"}],"author":[{"embeddable":true,"href":"https:\/\/iespjosejimenezborja.edu.pe\/index.php?rest_route=\/wp\/v2\/users\/1"}],"replies":[{"embeddable":true,"href":"https:\/\/iespjosejimenezborja.edu.pe\/index.php?rest_route=%2Fwp%2Fv2%2Fcomments&post=165"}],"version-history":[{"count":3,"href":"https:\/\/iespjosejimenezborja.edu.pe\/index.php?rest_route=\/wp\/v2\/pages\/165\/revisions"}],"predecessor-version":[{"id":323,"href":"https:\/\/iespjosejimenezborja.edu.pe\/index.php?rest_route=\/wp\/v2\/pages\/165\/revisions\/323"}],"wp:attachment":[{"href":"https:\/\/iespjosejimenezborja.edu.pe\/index.php?rest_route=%2Fwp%2Fv2%2Fmedia&parent=165"}],"curies":[{"name":"wp","href":"https:\/\/api.w.org\/{rel}","templated":true}]}}