{"id":176,"date":"2023-06-02T17:47:15","date_gmt":"2023-06-02T17:47:15","guid":{"rendered":"https:\/\/iespjosejimenezborja.edu.pe\/?page_id=176"},"modified":"2024-10-19T23:52:36","modified_gmt":"2024-10-19T23:52:36","slug":"secretaria","status":"publish","type":"page","link":"https:\/\/iespjosejimenezborja.edu.pe\/?page_id=176","title":{"rendered":"Secretar\u00eda"},"content":{"rendered":"<p>[et_pb_section fb_built=\u00bb1&#8243; fullwidth=\u00bbon\u00bb admin_label=\u00bbHero\u00bb _builder_version=\u00bb4.16&#8243; background_image=\u00bbhttps:\/\/iespjosejimenezborja.edu.pe\/wp-content\/uploads\/2023\/05\/hdgdgh.jpg\u00bb parallax=\u00bbon\u00bb top_divider_style=\u00bbclouds2&#8243; top_divider_color=\u00bbrgba(255,255,255,0.3)\u00bb top_divider_height=\u00bb100%\u00bb bottom_divider_height=\u00bb30px\u00bb global_colors_info=\u00bb{}\u00bb][et_pb_fullwidth_header subhead=\u00bbSECRETAR\u00cdA ACAD\u00c9MICA\u00bb text_orientation=\u00bbcenter\u00bb _builder_version=\u00bb4.21.0&#8243; title_level=\u00bbh2&#8243; title_font=\u00bbRubik|700||on|||||\u00bb title_text_color=\u00bb#ff7355&#8243; title_font_size=\u00bb16px\u00bb title_letter_spacing=\u00bb5px\u00bb title_line_height=\u00bb2em\u00bb content_font=\u00bbRubik||||||||\u00bb content_font_size=\u00bb18px\u00bb content_line_height=\u00bb2em\u00bb subhead_font=\u00bbRubik|700|||||||\u00bb subhead_text_color=\u00bbrgba(0,0,0,0.8)\u00bb subhead_font_size=\u00bb50px\u00bb subhead_line_height=\u00bb1.4em\u00bb background_color=\u00bbrgba(255,255,255,0)\u00bb use_background_color_gradient=\u00bbon\u00bb background_color_gradient_stops=\u00bbrgba(255,255,255,0.7) 0%|#ffffff 100%\u00bb background_color_gradient_start=\u00bbrgba(255,255,255,0.7)\u00bb background_color_gradient_end=\u00bb#ffffff\u00bb background_size=\u00bbcontain\u00bb background_position=\u00bbbottom_center\u00bb custom_button_one=\u00bbon\u00bb button_one_text_size=\u00bb16px\u00bb button_one_text_color=\u00bb#ffffff\u00bb button_one_bg_color=\u00bb#ff7355&#8243; button_one_border_width=\u00bb15px\u00bb button_one_border_color=\u00bbrgba(210,159,104,0)\u00bb button_one_border_radius=\u00bb100px\u00bb button_one_letter_spacing=\u00bb0px\u00bb button_one_font=\u00bbRubik|700|||||||\u00bb button_one_use_icon=\u00bboff\u00bb custom_button_two=\u00bbon\u00bb button_two_text_size=\u00bb16px\u00bb button_two_text_color=\u00bb#ffffff\u00bb button_two_bg_color=\u00bbrgba(0,0,0,0.6)\u00bb button_two_border_width=\u00bb15px\u00bb button_two_border_color=\u00bbrgba(210,159,104,0)\u00bb button_two_border_radius=\u00bb100px\u00bb button_two_letter_spacing=\u00bb0px\u00bb button_two_font=\u00bbRubik|700|||||||\u00bb button_two_use_icon=\u00bboff\u00bb background_layout=\u00bblight\u00bb custom_margin=\u00bb|||\u00bb custom_padding=\u00bb8vw||4vw|\u00bb animation_style=\u00bbslide\u00bb animation_direction=\u00bbbottom\u00bb animation_intensity_slide=\u00bb1%\u00bb subhead_font_size_tablet=\u00bb\u00bb subhead_font_size_phone=\u00bb30px\u00bb subhead_font_size_last_edited=\u00bbon|phone\u00bb button_one_border_radius_hover=\u00bb100px\u00bb button_two_border_radius_hover=\u00bb100px\u00bb button_one_bg_color_hover=\u00bb#ff8a70&#8243; button_two_bg_color_hover=\u00bb#ff8a70&#8243; global_colors_info=\u00bb{}\u00bb button_one_text_size__hover_enabled=\u00bboff\u00bb button_two_text_size__hover_enabled=\u00bboff\u00bb button_one_text_color__hover_enabled=\u00bboff\u00bb button_two_text_color__hover_enabled=\u00bboff\u00bb button_one_border_width__hover_enabled=\u00bboff\u00bb button_two_border_width__hover_enabled=\u00bboff\u00bb button_one_border_color__hover_enabled=\u00bboff\u00bb button_two_border_color__hover_enabled=\u00bboff\u00bb button_one_border_radius__hover_enabled=\u00bbon\u00bb button_one_border_radius__hover=\u00bb100px\u00bb button_two_border_radius__hover_enabled=\u00bbon\u00bb button_two_border_radius__hover=\u00bb100px\u00bb button_one_letter_spacing__hover_enabled=\u00bboff\u00bb button_two_letter_spacing__hover_enabled=\u00bboff\u00bb button_one_bg_color__hover_enabled=\u00bbon\u00bb button_one_bg_color__hover=\u00bb#ff8a70&#8243; button_two_bg_color__hover_enabled=\u00bbon\u00bb button_two_bg_color__hover=\u00bb#ff8a70&#8243;][\/et_pb_fullwidth_header][\/et_pb_section][et_pb_section fb_built=\u00bb1&#8243; admin_label=\u00bbPrograms\u00bb _builder_version=\u00bb4.16&#8243; background_size=\u00bbinitial\u00bb custom_padding=\u00bb54px|0px|54px|0px|true|false\u00bb global_colors_info=\u00bb{}\u00bb][et_pb_row column_structure=\u00bb1_2,1_2&#8243; _builder_version=\u00bb4.16&#8243; custom_margin=\u00bb|||\u00bb custom_padding=\u00bb|||\u00bb global_colors_info=\u00bb{}\u00bb][et_pb_column type=\u00bb1_2&#8243; _builder_version=\u00bb4.16&#8243; custom_padding=\u00bb|||\u00bb global_colors_info=\u00bb{}\u00bb custom_padding__hover=\u00bb|||\u00bb][et_pb_blurb title=\u00bbEs el \u00f3rgano de apoyo responsable de organizar y administrar los servicios de registro acad\u00e9mico y administrativo institucional.\u00bb icon_placement=\u00bbleft\u00bb image_icon_width=\u00bb32px\u00bb _builder_version=\u00bb4.21.0&#8243; header_font=\u00bbRubik|500|||||||\u00bb header_font_size=\u00bb20px\u00bb header_line_height=\u00bb1.7em\u00bb body_font=\u00bbRubik||||||||\u00bb body_line_height=\u00bb2em\u00bb custom_margin=\u00bb|||\u00bb custom_padding=\u00bb30px|30px|30px|30px|true|true\u00bb animation_style=\u00bbzoom\u00bb animation_intensity_zoom=\u00bb10%\u00bb border_radii=\u00bbon|5px|5px|5px|5px\u00bb border_width_top=\u00bb10px\u00bb border_color_top=\u00bb#7f5aff\u00bb box_shadow_style=\u00bbpreset1&#8243; box_shadow_vertical=\u00bb20px\u00bb box_shadow_blur=\u00bb45px\u00bb box_shadow_spread=\u00bb-5px\u00bb box_shadow_color=\u00bbrgba(0,0,0,0.07)\u00bb icon_font_size=\u00bb32px\u00bb global_colors_info=\u00bb{}\u00bb][\/et_pb_blurb][\/et_pb_column][et_pb_column type=\u00bb1_2&#8243; _builder_version=\u00bb4.16&#8243; custom_padding=\u00bb|||\u00bb global_colors_info=\u00bb{}\u00bb custom_padding__hover=\u00bb|||\u00bb][et_pb_blurb title=\u00bbLic. Lidia Karim Atencio Huaman\u00bb icon_placement=\u00bbleft\u00bb image_icon_width=\u00bb32px\u00bb _builder_version=\u00bb4.21.0&#8243; header_font=\u00bbRubik|500|||||||\u00bb header_font_size=\u00bb20px\u00bb header_line_height=\u00bb1.7em\u00bb body_font=\u00bbRubik||||||||\u00bb body_line_height=\u00bb2em\u00bb custom_margin=\u00bb|||\u00bb custom_padding=\u00bb30px|30px|30px|30px|true|true\u00bb animation_style=\u00bbzoom\u00bb animation_intensity_zoom=\u00bb10%\u00bb border_radii=\u00bbon|5px|5px|5px|5px\u00bb border_width_top=\u00bb10px\u00bb border_color_top=\u00bb#7f5aff\u00bb box_shadow_style=\u00bbpreset1&#8243; box_shadow_vertical=\u00bb20px\u00bb box_shadow_blur=\u00bb45px\u00bb box_shadow_spread=\u00bb-5px\u00bb box_shadow_color=\u00bbrgba(0,0,0,0.07)\u00bb icon_font_size=\u00bb32px\u00bb global_colors_info=\u00bb{}\u00bb][\/et_pb_blurb][\/et_pb_column][\/et_pb_row][et_pb_row _builder_version=\u00bb4.16&#8243; custom_margin=\u00bb|||\u00bb custom_padding=\u00bb|||\u00bb global_colors_info=\u00bb{}\u00bb][et_pb_column type=\u00bb4_4&#8243; _builder_version=\u00bb4.16&#8243; custom_padding=\u00bb|||\u00bb global_colors_info=\u00bb{}\u00bb custom_padding__hover=\u00bb|||\u00bb][et_pb_blurb title=\u00bbFunciones\u00bb use_icon=\u00bbon\u00bb font_icon=\u00bb&#x3d;||divi||400&#8243; icon_color=\u00bb#7f5aff\u00bb icon_placement=\u00bbleft\u00bb image_icon_width=\u00bb32px\u00bb content_max_width=\u00bb1052px\u00bb _builder_version=\u00bb4.21.0&#8243; header_font=\u00bbRubik|500|||||||\u00bb header_font_size=\u00bb20px\u00bb header_line_height=\u00bb1.7em\u00bb body_font=\u00bbRubik||||||||\u00bb body_line_height=\u00bb2em\u00bb text_orientation=\u00bbjustified\u00bb custom_margin=\u00bb|||0px|false|false\u00bb custom_padding=\u00bb30px|30px|30px|30px|true|true\u00bb animation_style=\u00bbzoom\u00bb animation_intensity_zoom=\u00bb10%\u00bb border_radii=\u00bbon|5px|5px|5px|5px\u00bb border_width_top=\u00bb10px\u00bb border_color_top=\u00bb#7f5aff\u00bb box_shadow_style=\u00bbpreset1&#8243; box_shadow_vertical=\u00bb20px\u00bb box_shadow_blur=\u00bb45px\u00bb box_shadow_spread=\u00bb-5px\u00bb box_shadow_color=\u00bbrgba(0,0,0,0.07)\u00bb icon_font_size=\u00bb32px\u00bb global_colors_info=\u00bb{}\u00bb]<\/p>\n<p><span>a) Organizar y administrar los servicios de registro acad\u00e9mico.<\/span><br \/><span>b) Organizar y efectuar las titulaciones y certificaciones de los egresados.<\/span><br \/><span>c) Elaborar las constancias de matr\u00edcula y otras.<\/span><br \/><span>d) Elaborar las boletas de notas y entregarlas a los estudiantes al finalizar el ciclo acad\u00e9mico.<\/span><br \/><span>e) Programar el proceso de convalidaci\u00f3n.<\/span><br \/><span>f) Efectuar el tr\u00e1mite y llenado de diplomas y t\u00edtulos de los egresados.<\/span><br \/><span>g) Registrar la matr\u00edcula en el SIA y reportar a la Direcci\u00f3n General para su aprobaci\u00f3n y remisi\u00f3n a la Gerencia Regional de Educaci\u00f3n.<\/span><br \/><span>h) Asesorar y orientar en la aplicaci\u00f3n del sistema de evaluaci\u00f3n de los aprendizajes.<\/span><br \/><span>i) Elaborar y tramitar la aprobaci\u00f3n de las actas de evaluaci\u00f3n.<\/span><br \/><span>j) Realizar el seguimiento de los egresados y reportar la informaci\u00f3n a la Direcci\u00f3n General.<\/span><br \/><span>k) Actualizar la base de datos de los egresados y su inserci\u00f3n laboral.<\/span><br \/><span>l) Otras funciones que le asigne la Direcci\u00f3n General.<\/span><\/p>\n<p>[\/et_pb_blurb][\/et_pb_column][\/et_pb_row][\/et_pb_section]<\/p>\n","protected":false},"excerpt":{"rendered":"<p>a) Organizar y administrar los servicios de registro acad\u00e9mico.b) Organizar y efectuar las titulaciones y certificaciones de los egresados.c) Elaborar las constancias de matr\u00edcula y otras.d) Elaborar las boletas de notas y entregarlas a los estudiantes al finalizar el ciclo acad\u00e9mico.e) Programar el proceso de convalidaci\u00f3n.f) Efectuar el tr\u00e1mite y llenado de diplomas y t\u00edtulos [&hellip;]<\/p>\n","protected":false},"author":1,"featured_media":0,"parent":0,"menu_order":0,"comment_status":"closed","ping_status":"closed","template":"","meta":{"_et_pb_use_builder":"on","_et_pb_old_content":"","_et_gb_content_width":"","footnotes":""},"class_list":["post-176","page","type-page","status-publish","hentry"],"_links":{"self":[{"href":"https:\/\/iespjosejimenezborja.edu.pe\/index.php?rest_route=\/wp\/v2\/pages\/176","targetHints":{"allow":["GET"]}}],"collection":[{"href":"https:\/\/iespjosejimenezborja.edu.pe\/index.php?rest_route=\/wp\/v2\/pages"}],"about":[{"href":"https:\/\/iespjosejimenezborja.edu.pe\/index.php?rest_route=\/wp\/v2\/types\/page"}],"author":[{"embeddable":true,"href":"https:\/\/iespjosejimenezborja.edu.pe\/index.php?rest_route=\/wp\/v2\/users\/1"}],"replies":[{"embeddable":true,"href":"https:\/\/iespjosejimenezborja.edu.pe\/index.php?rest_route=%2Fwp%2Fv2%2Fcomments&post=176"}],"version-history":[{"count":3,"href":"https:\/\/iespjosejimenezborja.edu.pe\/index.php?rest_route=\/wp\/v2\/pages\/176\/revisions"}],"predecessor-version":[{"id":822,"href":"https:\/\/iespjosejimenezborja.edu.pe\/index.php?rest_route=\/wp\/v2\/pages\/176\/revisions\/822"}],"wp:attachment":[{"href":"https:\/\/iespjosejimenezborja.edu.pe\/index.php?rest_route=%2Fwp%2Fv2%2Fmedia&parent=176"}],"curies":[{"name":"wp","href":"https:\/\/api.w.org\/{rel}","templated":true}]}}