{"id":210,"date":"2023-06-02T19:53:48","date_gmt":"2023-06-02T19:53:48","guid":{"rendered":"https:\/\/iespjosejimenezborja.edu.pe\/?page_id=210"},"modified":"2024-10-20T00:02:18","modified_gmt":"2024-10-20T00:02:18","slug":"educacion-inicial","status":"publish","type":"page","link":"https:\/\/iespjosejimenezborja.edu.pe\/?page_id=210","title":{"rendered":"Educaci\u00f3n Inicial"},"content":{"rendered":"<p>[et_pb_section fb_built=\u00bb1&#8243; _builder_version=\u00bb4.21.0&#8243; _module_preset=\u00bbdefault\u00bb height=\u00bb220px\u00bb max_height=\u00bb511px\u00bb custom_margin=\u00bb0px||-116px||false|false\u00bb top_divider_style=\u00bbasymmetric\u00bb top_divider_color=\u00bbrgba(31,160,183,0.87)\u00bb top_divider_height=\u00bb67px\u00bb top_divider_repeat=\u00bb1x\u00bb top_divider_flip=\u00bbhorizontal\u00bb global_colors_info=\u00bb{}\u00bb][\/et_pb_section][et_pb_section fb_built=\u00bb1&#8243; fullwidth=\u00bbon\u00bb admin_label=\u00bbHero\u00bb _builder_version=\u00bb4.16&#8243; background_image=\u00bbhttps:\/\/iespjosejimenezborja.edu.pe\/wp-content\/uploads\/2023\/05\/hdgdgh.jpg\u00bb parallax=\u00bbon\u00bb top_divider_style=\u00bbclouds2&#8243; top_divider_color=\u00bbrgba(255,255,255,0.3)\u00bb top_divider_height=\u00bb100%\u00bb bottom_divider_height=\u00bb30px\u00bb global_colors_info=\u00bb{}\u00bb][et_pb_fullwidth_header title=\u00bbcarrera profesional\u00bb subhead=\u00bbEDUCACI\u00d3N INICIAL\u00bb text_orientation=\u00bbcenter\u00bb _builder_version=\u00bb4.21.0&#8243; title_level=\u00bbh2&#8243; title_font=\u00bbRubik|700||on|||||\u00bb title_text_color=\u00bb#ff7355&#8243; title_font_size=\u00bb16px\u00bb title_letter_spacing=\u00bb5px\u00bb title_line_height=\u00bb2em\u00bb content_font=\u00bbRubik||||||||\u00bb content_font_size=\u00bb18px\u00bb content_line_height=\u00bb2em\u00bb subhead_font=\u00bbRubik|700|||||||\u00bb subhead_text_color=\u00bbrgba(0,0,0,0.8)\u00bb subhead_font_size=\u00bb50px\u00bb subhead_line_height=\u00bb1.4em\u00bb background_color=\u00bbrgba(255,255,255,0)\u00bb use_background_color_gradient=\u00bbon\u00bb background_color_gradient_stops=\u00bbrgba(255,255,255,0.7) 0%|#ffffff 100%\u00bb background_color_gradient_start=\u00bbrgba(255,255,255,0.7)\u00bb background_color_gradient_end=\u00bb#ffffff\u00bb background_size=\u00bbcontain\u00bb background_position=\u00bbbottom_center\u00bb custom_button_one=\u00bbon\u00bb button_one_text_size=\u00bb16px\u00bb button_one_text_color=\u00bb#ffffff\u00bb button_one_bg_color=\u00bb#ff7355&#8243; button_one_border_width=\u00bb15px\u00bb button_one_border_color=\u00bbrgba(210,159,104,0)\u00bb button_one_border_radius=\u00bb100px\u00bb button_one_letter_spacing=\u00bb0px\u00bb button_one_font=\u00bbRubik|700|||||||\u00bb button_one_use_icon=\u00bboff\u00bb custom_button_two=\u00bbon\u00bb button_two_text_size=\u00bb16px\u00bb button_two_text_color=\u00bb#ffffff\u00bb button_two_bg_color=\u00bbrgba(0,0,0,0.6)\u00bb button_two_border_width=\u00bb15px\u00bb button_two_border_color=\u00bbrgba(210,159,104,0)\u00bb button_two_border_radius=\u00bb100px\u00bb button_two_letter_spacing=\u00bb0px\u00bb button_two_font=\u00bbRubik|700|||||||\u00bb button_two_use_icon=\u00bboff\u00bb background_layout=\u00bblight\u00bb custom_margin=\u00bb|||\u00bb custom_padding=\u00bb8vw||4vw|\u00bb animation_style=\u00bbslide\u00bb animation_direction=\u00bbbottom\u00bb animation_intensity_slide=\u00bb1%\u00bb subhead_font_size_tablet=\u00bb\u00bb subhead_font_size_phone=\u00bb30px\u00bb subhead_font_size_last_edited=\u00bbon|phone\u00bb button_one_border_radius_hover=\u00bb100px\u00bb button_two_border_radius_hover=\u00bb100px\u00bb button_one_bg_color_hover=\u00bb#ff8a70&#8243; button_two_bg_color_hover=\u00bb#ff8a70&#8243; global_colors_info=\u00bb{}\u00bb button_one_text_size__hover_enabled=\u00bboff\u00bb button_two_text_size__hover_enabled=\u00bboff\u00bb button_one_text_color__hover_enabled=\u00bboff\u00bb button_two_text_color__hover_enabled=\u00bboff\u00bb button_one_border_width__hover_enabled=\u00bboff\u00bb button_two_border_width__hover_enabled=\u00bboff\u00bb button_one_border_color__hover_enabled=\u00bboff\u00bb button_two_border_color__hover_enabled=\u00bboff\u00bb button_one_border_radius__hover_enabled=\u00bbon\u00bb button_one_border_radius__hover=\u00bb100px\u00bb button_two_border_radius__hover_enabled=\u00bbon\u00bb button_two_border_radius__hover=\u00bb100px\u00bb button_one_letter_spacing__hover_enabled=\u00bboff\u00bb button_two_letter_spacing__hover_enabled=\u00bboff\u00bb button_one_bg_color__hover_enabled=\u00bbon\u00bb button_one_bg_color__hover=\u00bb#ff8a70&#8243; button_two_bg_color__hover_enabled=\u00bbon\u00bb button_two_bg_color__hover=\u00bb#ff8a70&#8243;][\/et_pb_fullwidth_header][\/et_pb_section][et_pb_section fb_built=\u00bb1&#8243; admin_label=\u00bbPrograms\u00bb _builder_version=\u00bb4.16&#8243; background_size=\u00bbinitial\u00bb custom_padding=\u00bb54px|0px|54px|0px|true|false\u00bb global_colors_info=\u00bb{}\u00bb][et_pb_row admin_label=\u00bbTitle Row\u00bb _builder_version=\u00bb4.16&#8243; global_colors_info=\u00bb{}\u00bb][et_pb_column type=\u00bb4_4&#8243; _builder_version=\u00bb4.16&#8243; custom_padding=\u00bb|||\u00bb global_colors_info=\u00bb{}\u00bb custom_padding__hover=\u00bb|||\u00bb][et_pb_accordion _builder_version=\u00bb4.21.0&#8243; _module_preset=\u00bbdefault\u00bb global_colors_info=\u00bb{}\u00bb][et_pb_accordion_item title=\u00bbPerfil de egreso de la formaci\u00f3n inicial docente\u00bb open=\u00bbon\u00bb open_toggle_text_color=\u00bb#0C71C3&#8243; open_toggle_background_color=\u00bb#FFFFFF\u00bb closed_toggle_background_color=\u00bb#0C71C3&#8243; _builder_version=\u00bb4.21.0&#8243; _module_preset=\u00bbdefault\u00bb background_color=\u00bb#FFFFFF\u00bb background_enable_color=\u00bbon\u00bb global_colors_info=\u00bb{}\u00bb toggle_text_color=\u00bb#FFFFFF\u00bb toggle_font=\u00bb|700|||||||\u00bb toggle_font_size=\u00bb23px\u00bb]<\/p>\n<p style=\"text-align: justify;\">El Perfil de egreso de la Formaci\u00f3n Inicial Docente es la visi\u00f3n com\u00fan e integral de las competencias profesionales docentes que deben desarrollar los estudiantes progresivamente durante el proceso formativo para ejercer id\u00f3neamente la docencia. El Perfil de egreso permite establecer una formaci\u00f3n integral especializada basada en la pr\u00e1ctica, investigaci\u00f3n e innovaci\u00f3n, que busca garantizar el desarrollo de competencias en los estudiantes para desenvolverse de manera \u00e9tica, eficiente y eficaz en su pr\u00e1ctica docente, respondiendo a las demandas del sistema educativo.<\/p>\n<p style=\"text-align: justify;\">\u00a0Este perfil de la Formaci\u00f3n Inicial Docente se alinea a los dominios y competencias establecidos en el Marco del Buen Desempe\u00f1o Docente (MBDD). Este marco establece la profesi\u00f3n como un quehacer complejo y reconoce dimensiones compartidas con otras profesiones, pero tambi\u00e9n delimita las dimensiones que son propias de la docencia.<\/p>\n<p style=\"text-align: justify;\">El Perfil de egreso incorpora competencias vinculadas a la formaci\u00f3n integral que requieren los docentes en el siglo XXI. Estas son de naturaleza transversal a las competencias profesionales docentes presentadas en el MBDD. Son esenciales para la construcci\u00f3n de la profesionalidad e identidad docente en la Formaci\u00f3n Inicial Docente. Para efectos de organizaci\u00f3n y coherencia del Perfil de egreso, estas se incluyen en el dominio 4 establecido en el MBDD, al que se le ha agregado el t\u00e9rmino personal. Tales competencias se orientan al fortalecimiento del desarrollo personal, a la gesti\u00f3n de entornos digitales y al manejo de habilidades investigativas que le permitan reflexionar y tomar decisiones para mejorar su pr\u00e1ctica pedag\u00f3gica con base en evidencias.<\/p>\n<p style=\"text-align: justify;\">\n<p style=\"text-align: justify;\">\n<p style=\"text-align: justify;\">\n<p style=\"text-align: justify;\"><img loading=\"lazy\" decoding=\"async\" src=\"https:\/\/www.iesppoxford.edu.pe\/wp-content\/uploads\/2021\/08\/perfil-egreso-inicial-2.jpeg\" width=\"958\" height=\"750\" \/><\/p>\n<p>[\/et_pb_accordion_item][et_pb_accordion_item title=\u00bbRequisitos de matricula\u00bb open_toggle_text_color=\u00bb#0C71C3&#8243; open_toggle_background_color=\u00bb#FFFFFF\u00bb closed_toggle_background_color=\u00bb#0C71C3&#8243; _builder_version=\u00bb4.21.0&#8243; _module_preset=\u00bbdefault\u00bb background_color=\u00bb#FFFFFF\u00bb background_enable_color=\u00bbon\u00bb global_colors_info=\u00bb{}\u00bb toggle_text_color=\u00bb#FFFFFF\u00bb toggle_font=\u00bb|700|||||||\u00bb toggle_font_size=\u00bb23px\u00bb open=\u00bboff\u00bb]<\/p>\n<ul class=\"wcb-button cb-common check-button\">\n<li>Certificados de Estudios<\/li>\n<li>Partida de Nacimiento<\/li>\n<li>4 fotos tama\u00f1o carnet<\/li>\n<li>Copia de DNI<\/li>\n<li>Recibo por derecho de matr\u00edcula<\/li>\n<\/ul>\n<p>[\/et_pb_accordion_item][et_pb_accordion_item title=\u00bbPlan de estudios\u00bb open_toggle_text_color=\u00bb#0C71C3&#8243; open_toggle_background_color=\u00bb#FFFFFF\u00bb closed_toggle_background_color=\u00bb#0C71C3&#8243; toggle_icon=\u00bb&#xe050;||divi||400&#8243; _builder_version=\u00bb4.21.0&#8243; _module_preset=\u00bbdefault\u00bb background_color=\u00bb#FFFFFF\u00bb background_enable_color=\u00bbon\u00bb background_enable_image=\u00bboff\u00bb global_colors_info=\u00bb{}\u00bb toggle_text_color=\u00bb#FFFFFF\u00bb toggle_font=\u00bb|700|||||||\u00bb toggle_font_size=\u00bb23px\u00bb open=\u00bboff\u00bb]<\/p>\n<p><img loading=\"lazy\" decoding=\"async\" src=\"https:\/\/iespjosejimenezborja.edu.pe\/wp-content\/uploads\/2023\/06\/PLAN-DE-ESTUDIO-PRIMARIA-234x300.jpg\" width=\"234\" height=\"300\" alt=\"\" class=\"wp-image-213 alignnone size-medium\" \/><\/p>\n<p><a href=\"https:\/\/drive.google.com\/file\/d\/13p-UOqD2ltnnReFUUhbYHtUuQ3PAEQ3n\/view?usp=sharing\" target=\"_blank\" rel=\"noopener\" title=\"Descargar\">Descargar<\/a><\/p>\n<p>[\/et_pb_accordion_item][et_pb_accordion_item title=\u00bbMalla curricular\u00bb open_toggle_text_color=\u00bb#0C71C3&#8243; open_toggle_background_color=\u00bb#FFFFFF\u00bb closed_toggle_background_color=\u00bb#0C71C3&#8243; _builder_version=\u00bb4.21.0&#8243; _module_preset=\u00bbdefault\u00bb background_color=\u00bb#FFFFFF\u00bb background_enable_color=\u00bbon\u00bb global_colors_info=\u00bb{}\u00bb toggle_text_color=\u00bb#FFFFFF\u00bb toggle_font=\u00bb|700|||||||\u00bb toggle_font_size=\u00bb23px\u00bb open=\u00bboff\u00bb]<\/p>\n<p style=\"text-align: justify;\"><img decoding=\"async\" src=\"https:\/\/www.iesppoxford.edu.pe\/wp-content\/uploads\/2022\/01\/Malla-Curricular-Inicial-1-1024x712.png\" \/><\/p>\n<p style=\"text-align: justify;\"><a href=\"https:\/\/drive.google.com\/file\/d\/1yIvhfn5dAuP4TcjAOnCdlIRoZ7mF2Ltj\/view?usp=share_link\" target=\"_blank\" rel=\"noopener\" title=\"Descargar\">Descargar<\/a><\/p>\n<p style=\"text-align: justify;\">[\/et_pb_accordion_item][et_pb_accordion_item title=\u00bbVentajas\u00bb open_toggle_text_color=\u00bb#0C71C3&#8243; open_toggle_background_color=\u00bb#FFFFFF\u00bb closed_toggle_background_color=\u00bb#0C71C3&#8243; _builder_version=\u00bb4.21.0&#8243; _module_preset=\u00bbdefault\u00bb background_color=\u00bb#FFFFFF\u00bb background_enable_color=\u00bbon\u00bb global_colors_info=\u00bb{}\u00bb toggle_text_color=\u00bb#FFFFFF\u00bb toggle_font=\u00bb|700|||||||\u00bb toggle_font_size=\u00bb23px\u00bb open=\u00bboff\u00bb]<\/p>\n<ul class=\"wcb-button cb-common plus-button\">\n<li>Carnet de \u00bd pasaje.<\/li>\n<li>Plana docente especializada.<\/li>\n<li>Mensualidades econ\u00f3micas.<\/li>\n<li>Adecuada infraestructura.<\/li>\n<li>Sala de conferencias<\/li>\n<li>Sala multimedia.<\/li>\n<li>Laboratorios de c\u00f3mputo con internet.<\/li>\n<li>Convenios para pr\u00e1cticas pre profesionales.<\/li>\n<li>Asesoramiento de tesis.<\/li>\n<\/ul>\n<p style=\"text-align: justify;\">\n<p>[\/et_pb_accordion_item][\/et_pb_accordion][\/et_pb_column][\/et_pb_row][\/et_pb_section]<\/p>\n","protected":false},"excerpt":{"rendered":"<p>El Perfil de egreso de la Formaci\u00f3n Inicial Docente es la visi\u00f3n com\u00fan e integral de las competencias profesionales docentes que deben desarrollar los estudiantes progresivamente durante el proceso formativo para ejercer id\u00f3neamente la docencia. El Perfil de egreso permite establecer una formaci\u00f3n integral especializada basada en la pr\u00e1ctica, investigaci\u00f3n e innovaci\u00f3n, que busca garantizar [&hellip;]<\/p>\n","protected":false},"author":1,"featured_media":0,"parent":0,"menu_order":0,"comment_status":"closed","ping_status":"closed","template":"","meta":{"_et_pb_use_builder":"on","_et_pb_old_content":"","_et_gb_content_width":"","footnotes":""},"class_list":["post-210","page","type-page","status-publish","hentry"],"_links":{"self":[{"href":"https:\/\/iespjosejimenezborja.edu.pe\/index.php?rest_route=\/wp\/v2\/pages\/210","targetHints":{"allow":["GET"]}}],"collection":[{"href":"https:\/\/iespjosejimenezborja.edu.pe\/index.php?rest_route=\/wp\/v2\/pages"}],"about":[{"href":"https:\/\/iespjosejimenezborja.edu.pe\/index.php?rest_route=\/wp\/v2\/types\/page"}],"author":[{"embeddable":true,"href":"https:\/\/iespjosejimenezborja.edu.pe\/index.php?rest_route=\/wp\/v2\/users\/1"}],"replies":[{"embeddable":true,"href":"https:\/\/iespjosejimenezborja.edu.pe\/index.php?rest_route=%2Fwp%2Fv2%2Fcomments&post=210"}],"version-history":[{"count":14,"href":"https:\/\/iespjosejimenezborja.edu.pe\/index.php?rest_route=\/wp\/v2\/pages\/210\/revisions"}],"predecessor-version":[{"id":827,"href":"https:\/\/iespjosejimenezborja.edu.pe\/index.php?rest_route=\/wp\/v2\/pages\/210\/revisions\/827"}],"wp:attachment":[{"href":"https:\/\/iespjosejimenezborja.edu.pe\/index.php?rest_route=%2Fwp%2Fv2%2Fmedia&parent=210"}],"curies":[{"name":"wp","href":"https:\/\/api.w.org\/{rel}","templated":true}]}}