{"id":218,"date":"2023-06-02T20:48:39","date_gmt":"2023-06-02T20:48:39","guid":{"rendered":"https:\/\/iespjosejimenezborja.edu.pe\/?page_id=218"},"modified":"2023-06-06T14:59:14","modified_gmt":"2023-06-06T14:59:14","slug":"educacion-primaria","status":"publish","type":"page","link":"https:\/\/iespjosejimenezborja.edu.pe\/?page_id=218","title":{"rendered":"Educaci\u00f3n Primaria"},"content":{"rendered":"<p>[et_pb_section fb_built=\u00bb1&#8243; fullwidth=\u00bbon\u00bb admin_label=\u00bbHero\u00bb _builder_version=\u00bb4.16&#8243; background_image=\u00bbhttps:\/\/iespjosejimenezborja.edu.pe\/wp-content\/uploads\/2023\/05\/hdgdgh.jpg\u00bb parallax=\u00bbon\u00bb top_divider_style=\u00bbclouds2&#8243; top_divider_color=\u00bbrgba(255,255,255,0.3)\u00bb top_divider_height=\u00bb100%\u00bb bottom_divider_height=\u00bb30px\u00bb global_colors_info=\u00bb{}\u00bb][et_pb_fullwidth_header title=\u00bbcarrera profesional\u00bb subhead=\u00bbEDUCACI\u00d3N PRIMARIA\u00bb text_orientation=\u00bbcenter\u00bb _builder_version=\u00bb4.21.0&#8243; title_level=\u00bbh2&#8243; title_font=\u00bbRubik|700||on|||||\u00bb title_text_color=\u00bb#ff7355&#8243; title_font_size=\u00bb16px\u00bb title_letter_spacing=\u00bb5px\u00bb title_line_height=\u00bb2em\u00bb content_font=\u00bbRubik||||||||\u00bb content_font_size=\u00bb18px\u00bb content_line_height=\u00bb2em\u00bb subhead_font=\u00bbRubik|700|||||||\u00bb subhead_text_color=\u00bbrgba(0,0,0,0.8)\u00bb subhead_font_size=\u00bb50px\u00bb subhead_line_height=\u00bb1.4em\u00bb background_color=\u00bbrgba(255,255,255,0)\u00bb use_background_color_gradient=\u00bbon\u00bb background_color_gradient_stops=\u00bbrgba(255,255,255,0.7) 0%|#ffffff 100%\u00bb background_color_gradient_start=\u00bbrgba(255,255,255,0.7)\u00bb background_color_gradient_end=\u00bb#ffffff\u00bb background_size=\u00bbcontain\u00bb background_position=\u00bbbottom_center\u00bb custom_button_one=\u00bbon\u00bb button_one_text_size=\u00bb16px\u00bb button_one_text_color=\u00bb#ffffff\u00bb button_one_bg_color=\u00bb#ff7355&#8243; button_one_border_width=\u00bb15px\u00bb button_one_border_color=\u00bbrgba(210,159,104,0)\u00bb button_one_border_radius=\u00bb100px\u00bb button_one_letter_spacing=\u00bb0px\u00bb button_one_font=\u00bbRubik|700|||||||\u00bb button_one_use_icon=\u00bboff\u00bb custom_button_two=\u00bbon\u00bb button_two_text_size=\u00bb16px\u00bb button_two_text_color=\u00bb#ffffff\u00bb button_two_bg_color=\u00bbrgba(0,0,0,0.6)\u00bb button_two_border_width=\u00bb15px\u00bb button_two_border_color=\u00bbrgba(210,159,104,0)\u00bb button_two_border_radius=\u00bb100px\u00bb button_two_letter_spacing=\u00bb0px\u00bb button_two_font=\u00bbRubik|700|||||||\u00bb button_two_use_icon=\u00bboff\u00bb background_layout=\u00bblight\u00bb custom_margin=\u00bb|||\u00bb custom_padding=\u00bb8vw||4vw|\u00bb animation_style=\u00bbslide\u00bb animation_direction=\u00bbbottom\u00bb animation_intensity_slide=\u00bb1%\u00bb subhead_font_size_tablet=\u00bb\u00bb subhead_font_size_phone=\u00bb30px\u00bb subhead_font_size_last_edited=\u00bbon|phone\u00bb button_one_border_radius_hover=\u00bb100px\u00bb button_two_border_radius_hover=\u00bb100px\u00bb button_one_bg_color_hover=\u00bb#ff8a70&#8243; button_two_bg_color_hover=\u00bb#ff8a70&#8243; global_colors_info=\u00bb{}\u00bb button_one_text_size__hover_enabled=\u00bboff\u00bb button_two_text_size__hover_enabled=\u00bboff\u00bb button_one_text_color__hover_enabled=\u00bboff\u00bb button_two_text_color__hover_enabled=\u00bboff\u00bb button_one_border_width__hover_enabled=\u00bboff\u00bb button_two_border_width__hover_enabled=\u00bboff\u00bb button_one_border_color__hover_enabled=\u00bboff\u00bb button_two_border_color__hover_enabled=\u00bboff\u00bb button_one_border_radius__hover_enabled=\u00bbon\u00bb button_one_border_radius__hover=\u00bb100px\u00bb button_two_border_radius__hover_enabled=\u00bbon\u00bb button_two_border_radius__hover=\u00bb100px\u00bb button_one_letter_spacing__hover_enabled=\u00bboff\u00bb button_two_letter_spacing__hover_enabled=\u00bboff\u00bb button_one_bg_color__hover_enabled=\u00bbon\u00bb button_one_bg_color__hover=\u00bb#ff8a70&#8243; button_two_bg_color__hover_enabled=\u00bbon\u00bb button_two_bg_color__hover=\u00bb#ff8a70&#8243;][\/et_pb_fullwidth_header][\/et_pb_section][et_pb_section fb_built=\u00bb1&#8243; admin_label=\u00bbPrograms\u00bb _builder_version=\u00bb4.16&#8243; background_size=\u00bbinitial\u00bb custom_padding=\u00bb54px|0px|54px|0px|true|false\u00bb global_colors_info=\u00bb{}\u00bb][et_pb_row admin_label=\u00bbTitle Row\u00bb _builder_version=\u00bb4.16&#8243; global_colors_info=\u00bb{}\u00bb][et_pb_column type=\u00bb4_4&#8243; _builder_version=\u00bb4.16&#8243; custom_padding=\u00bb|||\u00bb global_colors_info=\u00bb{}\u00bb custom_padding__hover=\u00bb|||\u00bb][et_pb_accordion _builder_version=\u00bb4.21.0&#8243; _module_preset=\u00bbdefault\u00bb hover_enabled=\u00bb0&#8243; global_colors_info=\u00bb{}\u00bb sticky_enabled=\u00bb0&#8243;][et_pb_accordion_item title=\u00bbPerfil de egreso de la formaci\u00f3n docente de primaria\u00bb open_toggle_text_color=\u00bb#0C71C3&#8243; open_toggle_background_color=\u00bb#FFFFFF\u00bb closed_toggle_background_color=\u00bb#0C71C3&#8243; _builder_version=\u00bb4.21.0&#8243; _module_preset=\u00bbdefault\u00bb background_color=\u00bb#FFFFFF\u00bb background_enable_color=\u00bbon\u00bb global_colors_info=\u00bb{}\u00bb toggle_text_color=\u00bb#FFFFFF\u00bb toggle_font=\u00bb|700|||||||\u00bb toggle_font_size=\u00bb23px\u00bb open=\u00bboff\u00bb]<\/p>\n<p>La\u00a0<strong>Carrera de Educaci\u00f3n Primaria<\/strong>\u00a0busca formar profesionales con sentido \u00e9tico, cient\u00edfico, reflexivo, cr\u00edtico y creativo, comprometidos con los problemas del mundo, pa\u00eds y comunidad. Desarrolla todas las dimensiones de los ni\u00f1os y ni\u00f1as de 6 a 11 a\u00f1os en diversas situaciones de aprendizaje.<\/p>\n<p>Ser profesor no es tarea sencilla pues tienes que combinar todos tus conocimientos, habilidades y destrezas para educar a ni\u00f1os, adolescentes y j\u00f3venes, quienes ya son el presente y se convertir\u00e1n en el futuro de nuestro pa\u00eds.<\/p>\n<p>Para asumir este gran reto, es importante que conozcas en qu\u00e9 consiste la carrera de Educaci\u00f3n, esta vez, enfocada en el nivel primario. As\u00ed, reconocer\u00e1s si verdaderamente la formaci\u00f3n acad\u00e9mica y personal de las personas es tu verdadera vocaci\u00f3n.<\/p>\n<p>\u00a1Conozcamos sobre esta profesi\u00f3n!<\/p>\n<p><strong>Lugares donde puedes trabajar\u00a0<\/strong><\/p>\n<ul>\n<li>Colegios nacionales y privados.<\/li>\n<li>Centros de capacitaci\u00f3n e investigaci\u00f3n.<\/li>\n<li>Empresas editoriales.<\/li>\n<li>Corporaciones de dise\u00f1o de juegos y materiales educativos.<\/li>\n<li>Diversas ONG vinculadas al campo educativo.<\/li>\n<li><\/li>\n<\/ul>\n<p>Adem\u00e1s, al ser profesor, puedes desarrollar consultor\u00edas y asesor\u00edas de manera independiente y llevar tus clases hasta los hogares de escolares que necesitan reforzamiento.<\/p>\n<p>Otro punto a favor de esta carrera es que puedes emprender y convertirte en el gestor de tu propia empresa educativa, es decir, formar tu colegio o academia, siempre teniendo en cuenta las disposiciones del Minedu.<\/p>\n<p><strong>Certificaciones\u00a0<\/strong><\/p>\n<p>\u00a0 \u00a0*Promotor de la lectura<strong>\u00a0<\/strong><\/p>\n<p>\u00a0 \u00a0 \u00a0Como educador puedes impulsar el desarrollo de la lectura en tus estudiantes y mejorar su capacidad de comprensi\u00f3n. Esto no solo desde las\u00a0 \u00a0 \u00a0 \u00a0 \u00a0 \u00a0 \u00a0 aulas, sino tambi\u00e9n mediante las consultor\u00edas, las aplicaciones inform\u00e1ticas y los programas de creaci\u00f3n literaria.<\/p>\n<p>*Promotor del deporte.<\/p>\n<p>Cuando te conviertes en profesor puedes enfocarte en el \u00e1rea de Educaci\u00f3n F\u00edsica. All\u00ed podr\u00e1s promover diversos programas deportivos para que los ni\u00f1os crezcan con una adecuada salud.<\/p>\n<p style=\"text-align: justify;\">Recuerda que un educador del nivel primario debe procurar que sus estudiantes aprendan algunas actividades b\u00e1sicas como escribir, relacionarse con sus compa\u00f1eros, resolver operaciones matem\u00e1ticas sencillas, entre otras. Asimismo, deber\u00e1s estimular su crecimiento art\u00edstico y cultural.<strong>\u00a0<\/strong><\/p>\n<p style=\"text-align: justify;\">\n<p style=\"text-align: justify;\">\n<p style=\"text-align: justify;\">\n<p style=\"text-align: justify;\"><img loading=\"lazy\" decoding=\"async\" src=\"https:\/\/www.iesppoxford.edu.pe\/wp-content\/uploads\/2021\/08\/perfil-egreso-inicial-2.jpeg\" width=\"958\" height=\"750\" \/><\/p>\n<p>[\/et_pb_accordion_item][et_pb_accordion_item title=\u00bbRequisitos de matricula\u00bb open_toggle_text_color=\u00bb#0C71C3&#8243; open_toggle_background_color=\u00bb#FFFFFF\u00bb closed_toggle_background_color=\u00bb#0C71C3&#8243; _builder_version=\u00bb4.21.0&#8243; _module_preset=\u00bbdefault\u00bb background_color=\u00bb#FFFFFF\u00bb background_enable_color=\u00bbon\u00bb global_colors_info=\u00bb{}\u00bb toggle_text_color=\u00bb#FFFFFF\u00bb toggle_font=\u00bb|700|||||||\u00bb toggle_font_size=\u00bb23px\u00bb open=\u00bboff\u00bb]<\/p>\n<ul class=\"wcb-button cb-common check-button\">\n<li>Certificados de Estudios<\/li>\n<li>Partida de Nacimiento<\/li>\n<li>4 fotos tama\u00f1o carnet<\/li>\n<li>Copia de DNI<\/li>\n<li>Recibo por derecho de matr\u00edcula<\/li>\n<\/ul>\n<p>[\/et_pb_accordion_item][et_pb_accordion_item title=\u00bbPlan de estudios\u00bb open_toggle_text_color=\u00bb#0C71C3&#8243; open_toggle_background_color=\u00bb#FFFFFF\u00bb closed_toggle_background_color=\u00bb#0C71C3&#8243; _builder_version=\u00bb4.21.0&#8243; _module_preset=\u00bbdefault\u00bb background_color=\u00bb#FFFFFF\u00bb background_enable_color=\u00bbon\u00bb background_enable_image=\u00bboff\u00bb hover_enabled=\u00bb0&#8243; global_colors_info=\u00bb{}\u00bb toggle_text_color=\u00bb#FFFFFF\u00bb toggle_font=\u00bb|700|||||||\u00bb toggle_font_size=\u00bb23px\u00bb open=\u00bboff\u00bb sticky_enabled=\u00bb0&#8243;]<\/p>\n<p><img loading=\"lazy\" decoding=\"async\" src=\"https:\/\/iespjosejimenezborja.edu.pe\/wp-content\/uploads\/2023\/06\/PLAN-DE-ESTUDIO-INICIAL-239x300.jpg\" width=\"239\" height=\"300\" alt=\"\" class=\"wp-image-214 alignnone size-medium\" \/><\/p>\n<p><a href=\"https:\/\/drive.google.com\/file\/d\/1uEXWKbkqnLxQ1YSaupez5u5S1phhtlSd\/view?usp=sharing\" target=\"_blank\" rel=\"noopener\" title=\"Descargar\">Descargar<\/a><\/p>\n<p>[\/et_pb_accordion_item][et_pb_accordion_item title=\u00bbMalla curricular\u00bb open=\u00bbon\u00bb open_toggle_text_color=\u00bb#0C71C3&#8243; open_toggle_background_color=\u00bb#FFFFFF\u00bb closed_toggle_background_color=\u00bb#0C71C3&#8243; _builder_version=\u00bb4.21.0&#8243; _module_preset=\u00bbdefault\u00bb background_color=\u00bb#FFFFFF\u00bb background_enable_color=\u00bbon\u00bb hover_enabled=\u00bb0&#8243; global_colors_info=\u00bb{}\u00bb toggle_text_color=\u00bb#FFFFFF\u00bb toggle_font=\u00bb|700|||||||\u00bb toggle_font_size=\u00bb23px\u00bb sticky_enabled=\u00bb0&#8243;]<\/p>\n<p style=\"text-align: justify;\"><img decoding=\"async\" src=\"https:\/\/www.iesppoxford.edu.pe\/wp-content\/uploads\/2022\/01\/Malla-Curricular-Primaria-1024x713.png\" \/><\/p>\n<p style=\"text-align: justify;\"><a href=\"https:\/\/drive.google.com\/file\/d\/1vEo-wJZUK3R2xzdsoOlRveKZrkQpkySm\/view?usp=sharing\" target=\"_blank\" rel=\"noopener\" title=\"Descargar\">Descargar<\/a><\/p>\n<p>[\/et_pb_accordion_item][et_pb_accordion_item title=\u00bbVentajas\u00bb open_toggle_text_color=\u00bb#0C71C3&#8243; open_toggle_background_color=\u00bb#FFFFFF\u00bb closed_toggle_background_color=\u00bb#0C71C3&#8243; _builder_version=\u00bb4.21.0&#8243; _module_preset=\u00bbdefault\u00bb background_color=\u00bb#FFFFFF\u00bb background_enable_color=\u00bbon\u00bb global_colors_info=\u00bb{}\u00bb toggle_text_color=\u00bb#FFFFFF\u00bb toggle_font=\u00bb|700|||||||\u00bb toggle_font_size=\u00bb23px\u00bb open=\u00bboff\u00bb]<\/p>\n<ul class=\"wcb-button cb-common plus-button\">\n<li>Carnet de \u00bd pasaje.<\/li>\n<li>Plana docente especializada.<\/li>\n<li>Mensualidades econ\u00f3micas.<\/li>\n<li>Adecuada infraestructura.<\/li>\n<li>Sala de conferencias<\/li>\n<li>Sala multimedia.<\/li>\n<li>Laboratorios de c\u00f3mputo con internet.<\/li>\n<li>Convenios para pr\u00e1cticas pre profesionales.<\/li>\n<li>Asesoramiento de tesis.<\/li>\n<\/ul>\n<p style=\"text-align: justify;\">\n<p>[\/et_pb_accordion_item][\/et_pb_accordion][\/et_pb_column][\/et_pb_row][\/et_pb_section]<\/p>\n","protected":false},"excerpt":{"rendered":"<p>La\u00a0Carrera de Educaci\u00f3n Primaria\u00a0busca formar profesionales con sentido \u00e9tico, cient\u00edfico, reflexivo, cr\u00edtico y creativo, comprometidos con los problemas del mundo, pa\u00eds y comunidad. Desarrolla todas las dimensiones de los ni\u00f1os y ni\u00f1as de 6 a 11 a\u00f1os en diversas situaciones de aprendizaje. Ser profesor no es tarea sencilla pues tienes que combinar todos tus conocimientos, [&hellip;]<\/p>\n","protected":false},"author":1,"featured_media":0,"parent":0,"menu_order":0,"comment_status":"closed","ping_status":"closed","template":"","meta":{"_et_pb_use_builder":"on","_et_pb_old_content":"","_et_gb_content_width":"","footnotes":""},"class_list":["post-218","page","type-page","status-publish","hentry"],"_links":{"self":[{"href":"https:\/\/iespjosejimenezborja.edu.pe\/index.php?rest_route=\/wp\/v2\/pages\/218","targetHints":{"allow":["GET"]}}],"collection":[{"href":"https:\/\/iespjosejimenezborja.edu.pe\/index.php?rest_route=\/wp\/v2\/pages"}],"about":[{"href":"https:\/\/iespjosejimenezborja.edu.pe\/index.php?rest_route=\/wp\/v2\/types\/page"}],"author":[{"embeddable":true,"href":"https:\/\/iespjosejimenezborja.edu.pe\/index.php?rest_route=\/wp\/v2\/users\/1"}],"replies":[{"embeddable":true,"href":"https:\/\/iespjosejimenezborja.edu.pe\/index.php?rest_route=%2Fwp%2Fv2%2Fcomments&post=218"}],"version-history":[{"count":3,"href":"https:\/\/iespjosejimenezborja.edu.pe\/index.php?rest_route=\/wp\/v2\/pages\/218\/revisions"}],"predecessor-version":[{"id":254,"href":"https:\/\/iespjosejimenezborja.edu.pe\/index.php?rest_route=\/wp\/v2\/pages\/218\/revisions\/254"}],"wp:attachment":[{"href":"https:\/\/iespjosejimenezborja.edu.pe\/index.php?rest_route=%2Fwp%2Fv2%2Fmedia&parent=218"}],"curies":[{"name":"wp","href":"https:\/\/api.w.org\/{rel}","templated":true}]}}