{"id":95,"date":"2023-05-26T21:07:30","date_gmt":"2023-05-26T21:07:30","guid":{"rendered":"https:\/\/iespjosejimenezborja.edu.pe\/?page_id=95"},"modified":"2025-03-03T21:12:20","modified_gmt":"2025-03-03T21:12:20","slug":"matricula","status":"publish","type":"page","link":"https:\/\/iespjosejimenezborja.edu.pe\/?page_id=95","title":{"rendered":"Matricula"},"content":{"rendered":"<p>[et_pb_section fb_built=\u00bb1&#8243; fullwidth=\u00bbon\u00bb admin_label=\u00bbHero\u00bb _builder_version=\u00bb4.16&#8243; background_image=\u00bbhttps:\/\/iespjosejimenezborja.edu.pe\/wp-content\/uploads\/2023\/05\/hdgdgh.jpg\u00bb parallax=\u00bbon\u00bb top_divider_style=\u00bbclouds2&#8243; top_divider_color=\u00bbrgba(255,255,255,0.3)\u00bb top_divider_height=\u00bb100%\u00bb bottom_divider_height=\u00bb30px\u00bb global_colors_info=\u00bb{}\u00bb][et_pb_fullwidth_header title=\u00bbproceso de\u00bb subhead=\u00bbMatr\u00edcula\u00bb text_orientation=\u00bbcenter\u00bb button_one_text=\u00bbRegistrar\u00bb button_one_url=\u00bbhttps:\/\/docs.google.com\/forms\/d\/e\/1FAIpQLSfz97c7wusEvNm45GuD0PJSKnmkJC8oVYm1FIVzbfBmZDzWMA\/viewform?usp=sharing\u00bb _builder_version=\u00bb4.21.0&#8243; title_level=\u00bbh2&#8243; title_font=\u00bbRubik|700||on|||||\u00bb title_text_color=\u00bb#ff7355&#8243; title_font_size=\u00bb16px\u00bb title_letter_spacing=\u00bb5px\u00bb title_line_height=\u00bb2em\u00bb content_font=\u00bbRubik||||||||\u00bb content_font_size=\u00bb18px\u00bb content_line_height=\u00bb2em\u00bb subhead_font=\u00bbRubik|700|||||||\u00bb subhead_text_color=\u00bbrgba(0,0,0,0.8)\u00bb subhead_font_size=\u00bb50px\u00bb subhead_line_height=\u00bb1.4em\u00bb background_color=\u00bbrgba(255,255,255,0)\u00bb use_background_color_gradient=\u00bbon\u00bb background_color_gradient_stops=\u00bbrgba(255,255,255,0.7) 0%|#ffffff 100%\u00bb background_color_gradient_start=\u00bbrgba(255,255,255,0.7)\u00bb background_color_gradient_end=\u00bb#ffffff\u00bb background_size=\u00bbcontain\u00bb background_position=\u00bbbottom_center\u00bb custom_button_one=\u00bbon\u00bb button_one_text_size=\u00bb16px\u00bb button_one_text_color=\u00bb#ffffff\u00bb button_one_bg_color=\u00bb#ff7355&#8243; button_one_border_width=\u00bb15px\u00bb button_one_border_color=\u00bbrgba(210,159,104,0)\u00bb button_one_border_radius=\u00bb100px\u00bb button_one_letter_spacing=\u00bb0px\u00bb button_one_font=\u00bbRubik|700|||||||\u00bb button_one_use_icon=\u00bboff\u00bb custom_button_two=\u00bbon\u00bb button_two_text_size=\u00bb16px\u00bb button_two_text_color=\u00bb#ffffff\u00bb button_two_bg_color=\u00bbrgba(0,0,0,0.6)\u00bb button_two_border_width=\u00bb15px\u00bb button_two_border_color=\u00bbrgba(210,159,104,0)\u00bb button_two_border_radius=\u00bb100px\u00bb button_two_letter_spacing=\u00bb0px\u00bb button_two_font=\u00bbRubik|700|||||||\u00bb button_two_use_icon=\u00bboff\u00bb background_layout=\u00bblight\u00bb min_height=\u00bb452.2px\u00bb custom_margin=\u00bb|||\u00bb custom_padding=\u00bb8vw||0vw|||\u00bb animation_style=\u00bbslide\u00bb animation_direction=\u00bbbottom\u00bb animation_intensity_slide=\u00bb1%\u00bb link_option_url_new_window=\u00bbon\u00bb hover_enabled=\u00bb0&#8243; subhead_font_size_tablet=\u00bb\u00bb subhead_font_size_phone=\u00bb30px\u00bb subhead_font_size_last_edited=\u00bbon|phone\u00bb button_one_border_radius_hover=\u00bb100px\u00bb button_two_border_radius_hover=\u00bb100px\u00bb button_one_bg_color_hover=\u00bb#ff8a70&#8243; button_two_bg_color_hover=\u00bb#ff8a70&#8243; global_colors_info=\u00bb{}\u00bb button_one_text_size__hover_enabled=\u00bboff\u00bb button_two_text_size__hover_enabled=\u00bboff\u00bb button_one_text_color__hover_enabled=\u00bboff\u00bb button_two_text_color__hover_enabled=\u00bboff\u00bb button_one_border_width__hover_enabled=\u00bboff\u00bb button_two_border_width__hover_enabled=\u00bboff\u00bb button_one_border_color__hover_enabled=\u00bboff\u00bb button_two_border_color__hover_enabled=\u00bboff\u00bb button_one_border_radius__hover_enabled=\u00bbon\u00bb button_one_border_radius__hover=\u00bb100px\u00bb button_two_border_radius__hover_enabled=\u00bbon\u00bb button_two_border_radius__hover=\u00bb100px\u00bb button_one_letter_spacing__hover_enabled=\u00bboff\u00bb button_two_letter_spacing__hover_enabled=\u00bboff\u00bb button_one_bg_color__hover_enabled=\u00bbon\u00bb button_one_bg_color__hover=\u00bb#ff8a70&#8243; button_two_bg_color__hover_enabled=\u00bbon\u00bb button_two_bg_color__hover=\u00bb#ff8a70&#8243; sticky_enabled=\u00bb0&#8243;][\/et_pb_fullwidth_header][\/et_pb_section][et_pb_section fb_built=\u00bb1&#8243; admin_label=\u00bbFeature\u00bb _builder_version=\u00bb4.16&#8243; background_image=\u00bbhttps:\/\/iespjosejimenezborja.edu.pe\/wp-content\/uploads\/2023\/05\/dsfg-e1527818255220.jpg\u00bb parallax=\u00bbon\u00bb custom_padding=\u00bb0|0px|0|0px|false|false\u00bb global_colors_info=\u00bb{}\u00bb][\/et_pb_section][et_pb_section fb_built=\u00bb1&#8243; admin_label=\u00bbFeature\u00bb _builder_version=\u00bb4.16&#8243; parallax=\u00bbon\u00bb custom_padding=\u00bb0|0px|0|0px|false|false\u00bb global_colors_info=\u00bb{}\u00bb][et_pb_row column_structure=\u00bb1_2,1_2&#8243; use_custom_gutter=\u00bbon\u00bb gutter_width=\u00bb1&#8243; make_equal=\u00bbon\u00bb padding_top_bottom_link_1=\u00bbtrue\u00bb padding_top_bottom_link_2=\u00bbtrue\u00bb module_class=\u00bb et_pb_row_fullwidth\u00bb _builder_version=\u00bb4.16&#8243; width=\u00bb100%\u00bb width_tablet=\u00bb100%\u00bb width_phone=\u00bb100%\u00bb width_last_edited=\u00bbon|desktop\u00bb max_width=\u00bb100%\u00bb max_width_tablet=\u00bb100%\u00bb max_width_phone=\u00bb100%\u00bb max_width_last_edited=\u00bbon|desktop\u00bb custom_padding=\u00bb0px|0px|0px|0px\u00bb make_fullwidth=\u00bbon\u00bb global_colors_info=\u00bb{}\u00bb][et_pb_column type=\u00bb1_2&#8243; _builder_version=\u00bb4.16&#8243; background_color=\u00bb#ffffff\u00bb background_color_gradient_direction=\u00bb90deg\u00bb background_color_gradient_start=\u00bbrgba(58,80,99,0.85)\u00bb background_color_gradient_end=\u00bb#3a5063&#8243; custom_padding=\u00bb120px|80px|120px|10%\u00bb custom_padding_tablet=\u00bb|10%||10%||true\u00bb custom_padding_phone=\u00bb|10%||10%||true\u00bb custom_padding_last_edited=\u00bbon|tablet\u00bb global_colors_info=\u00bb{}\u00bb custom_padding__hover=\u00bb|||\u00bb][et_pb_cta title=\u00bbrequisitos\u00bb button_url=\u00bb#top\u00bb _builder_version=\u00bb4.21.0&#8243; header_font=\u00bbCabin Sketch|700||on|||||\u00bb header_font_size=\u00bb40px\u00bb header_letter_spacing=\u00bb6px\u00bb header_line_height=\u00bb1.5em\u00bb body_font=\u00bbRubik|500|||||||\u00bb body_line_height=\u00bb2em\u00bb use_background_color=\u00bboff\u00bb custom_button=\u00bbon\u00bb button_text_size=\u00bb16px\u00bb button_text_color=\u00bb#ffffff\u00bb button_bg_color=\u00bbrgba(0,0,0,0.6)\u00bb button_border_width=\u00bb10px\u00bb button_border_color=\u00bbrgba(65,65,144,0)\u00bb button_border_radius=\u00bb70px\u00bb button_font=\u00bbRubik|700|||||||\u00bb button_use_icon=\u00bboff\u00bb text_orientation=\u00bbleft\u00bb background_layout=\u00bblight\u00bb max_width=\u00bb600px\u00bb max_width_last_edited=\u00bboff|desktop\u00bb min_height=\u00bb264px\u00bb custom_margin=\u00bb|||\u00bb custom_padding=\u00bb||0px|||\u00bb header_font_size_tablet=\u00bb\u00bb header_font_size_phone=\u00bb30px\u00bb header_font_size_last_edited=\u00bbon|phone\u00bb button_text_color_hover=\u00bb#c7ccd4&#8243; button_border_radius_hover=\u00bb70px\u00bb button_bg_color_hover=\u00bb#ffffff\u00bb locked=\u00bboff\u00bb global_colors_info=\u00bb{}\u00bb button_text_size__hover_enabled=\u00bboff\u00bb button_one_text_size__hover_enabled=\u00bboff\u00bb button_two_text_size__hover_enabled=\u00bboff\u00bb button_text_color__hover_enabled=\u00bbon\u00bb button_text_color__hover=\u00bb#c7ccd4&#8243; button_one_text_color__hover_enabled=\u00bboff\u00bb button_two_text_color__hover_enabled=\u00bboff\u00bb button_border_width__hover_enabled=\u00bboff\u00bb button_one_border_width__hover_enabled=\u00bboff\u00bb button_two_border_width__hover_enabled=\u00bboff\u00bb button_border_color__hover_enabled=\u00bboff\u00bb button_one_border_color__hover_enabled=\u00bboff\u00bb button_two_border_color__hover_enabled=\u00bboff\u00bb button_border_radius__hover_enabled=\u00bbon\u00bb button_border_radius__hover=\u00bb70px\u00bb button_one_border_radius__hover_enabled=\u00bboff\u00bb button_two_border_radius__hover_enabled=\u00bboff\u00bb button_letter_spacing__hover_enabled=\u00bboff\u00bb button_one_letter_spacing__hover_enabled=\u00bboff\u00bb button_two_letter_spacing__hover_enabled=\u00bboff\u00bb button_bg_color__hover_enabled=\u00bbon\u00bb button_bg_color__hover=\u00bb#ffffff\u00bb button_one_bg_color__hover_enabled=\u00bboff\u00bb button_two_bg_color__hover_enabled=\u00bboff\u00bb]<\/p>\n<p>Para poder iniciar el proceso de matr\u00edcula, el estudiante debe de haber aprobado el examen de admisi\u00f3n y presentar los siguientes documentos:<\/p>\n<ol>\n<li>Copia fotost\u00e1tica del DNI o Carn\u00e9 de Extranjera.<\/li>\n<li>Partida de Nacimiento original.<\/li>\n<li>Certificado de estudios de educaci\u00f3n secundaria completa.<\/li>\n<li>Dos fotograf\u00edas tama\u00f1o carn\u00e9 de frente con fondo blanco.<\/li>\n<li>Completar la \u00abFicha de Actualizaci\u00f3n de Datos\u00bb debidamente llenada.<\/li>\n<li>Completar la \u00abDeclaraci\u00f3n jurada de Flexibilizaci\u00f3n de entrega de documentos\u00bb.<\/li>\n<\/ol>\n<p>&nbsp;<\/p>\n<p>[\/et_pb_cta][et_pb_button button_url=\u00bbhttps:\/\/drive.google.com\/file\/d\/1OyTMVHnLjiPxLMZezgEjqS5gmIXcnOxs\/view?usp=drive_link\u00bb url_new_window=\u00bbon\u00bb button_text=\u00bbDeclaraci\u00f3n Jurada\u00bb _builder_version=\u00bb4.21.0&#8243; _module_preset=\u00bbdefault\u00bb custom_button=\u00bbon\u00bb button_text_size=\u00bb15px\u00bb button_text_color=\u00bb#FFFFFF\u00bb button_bg_color=\u00bb#E02B20&#8243; button_border_radius=\u00bb13px\u00bb button_font=\u00bb|700|||||||\u00bb button_icon=\u00bb&#xe092;||divi||400&#8243; transform_scale=\u00bb96%|96%\u00bb custom_margin=\u00bb|471px||||\u00bb filter_saturate=\u00bb99%\u00bb animation_style=\u00bbfade\u00bb global_colors_info=\u00bb{}\u00bb][\/et_pb_button][et_pb_button button_url=\u00bbhttps:\/\/forms.gle\/62dpBx8PyCqpgp818&#8243; url_new_window=\u00bbon\u00bb button_text=\u00bbComprobante de Pago\u00bb _builder_version=\u00bb4.21.0&#8243; _module_preset=\u00bbdefault\u00bb custom_button=\u00bbon\u00bb button_text_size=\u00bb15px\u00bb button_text_color=\u00bb#FFFFFF\u00bb button_bg_color=\u00bb#E02B20&#8243; button_border_radius=\u00bb13px\u00bb button_font=\u00bb|700|||||||\u00bb button_icon=\u00bb&#xe092;||divi||400&#8243; transform_scale=\u00bb96%|96%\u00bb custom_margin=\u00bb|439px||||\u00bb filter_saturate=\u00bb99%\u00bb animation_style=\u00bbfade\u00bb global_colors_info=\u00bb{}\u00bb][\/et_pb_button][et_pb_button button_url=\u00bbhttps:\/\/forms.gle\/JLWCm9P53eXkQVDE6&#8243; url_new_window=\u00bbon\u00bb button_text=\u00bbActualizaci\u00f3n de Datos\u00bb _builder_version=\u00bb4.21.0&#8243; _module_preset=\u00bbdefault\u00bb custom_button=\u00bbon\u00bb button_text_size=\u00bb15px\u00bb button_text_color=\u00bb#FFFFFF\u00bb button_bg_color=\u00bb#E02B20&#8243; button_border_radius=\u00bb13px\u00bb button_font=\u00bb|700|||||||\u00bb button_icon=\u00bb&#xe092;||divi||400&#8243; transform_scale=\u00bb96%|96%\u00bb custom_margin=\u00bb|439px||||\u00bb filter_saturate=\u00bb99%\u00bb animation_style=\u00bbfade\u00bb global_colors_info=\u00bb{}\u00bb][\/et_pb_button][\/et_pb_column][et_pb_column type=\u00bb1_2&#8243; _builder_version=\u00bb4.16&#8243; background_color_gradient_direction=\u00bb90deg\u00bb background_color_gradient_start=\u00bb#ff7355&#8243; background_color_gradient_end=\u00bbrgba(255,115,85,0.6)\u00bb background_image=\u00bbhttps:\/\/iespjosejimenezborja.edu.pe\/wp-content\/uploads\/2023\/05\/hopscotch.jpg\u00bb custom_padding=\u00bb120px|10%|120px|80px\u00bb custom_padding_tablet=\u00bb|10%||10%||true\u00bb custom_padding_phone=\u00bb|10%||10%||true\u00bb custom_padding_last_edited=\u00bbon|tablet\u00bb global_colors_info=\u00bb{}\u00bb custom_padding__hover=\u00bb|||\u00bb][et_pb_divider color=\u00bbrgba(0,0,0,0)\u00bb _builder_version=\u00bb4.16&#8243; height=\u00bb200px\u00bb locked=\u00bboff\u00bb global_colors_info=\u00bb{}\u00bb][\/et_pb_divider][\/et_pb_column][\/et_pb_row][\/et_pb_section][et_pb_section fb_built=\u00bb1&#8243; admin_label=\u00bbAdmissions\u00bb _builder_version=\u00bb4.16&#8243; use_background_color_gradient=\u00bbon\u00bb background_color_gradient_stops=\u00bb#ffffff 0%|#e3e3e8 100%\u00bb background_color_gradient_start=\u00bb#ffffff\u00bb background_color_gradient_end=\u00bb#e3e3e8&#8243; background_image=\u00bbhttps:\/\/iespjosejimenezborja.edu.pe\/wp-content\/uploads\/2023\/05\/shapes-bg-1.png\u00bb parallax=\u00bbon\u00bb custom_padding=\u00bb|||\u00bb global_colors_info=\u00bb{}\u00bb][et_pb_row column_structure=\u00bb1_2,1_2&#8243; _builder_version=\u00bb4.16&#8243; global_colors_info=\u00bb{}\u00bb][et_pb_column type=\u00bb1_2&#8243; _builder_version=\u00bb4.16&#8243; custom_padding=\u00bb|||\u00bb global_colors_info=\u00bb{}\u00bb custom_padding__hover=\u00bb|||\u00bb][et_pb_text _builder_version=\u00bb4.16&#8243; text_font=\u00bbRubik|500|||||||\u00bb text_font_size=\u00bb16px\u00bb text_line_height=\u00bb2em\u00bb header_font=\u00bb||||||||\u00bb header_2_font=\u00bbRubik|700|||||||\u00bb header_2_font_size=\u00bb40px\u00bb header_2_line_height=\u00bb1.4em\u00bb header_5_font=\u00bbRubik|700||on|||||\u00bb header_5_text_color=\u00bb#2b76df\u00bb header_5_letter_spacing=\u00bb5px\u00bb header_5_line_height=\u00bb1.5em\u00bb max_width=\u00bb700px\u00bb module_alignment=\u00bbcenter\u00bb custom_margin=\u00bb|||\u00bb custom_margin_tablet=\u00bb0px|||\u00bb custom_margin_last_edited=\u00bboff|desktop\u00bb text_line_height_last_edited=\u00bboff|desktop\u00bb header_2_font_size_tablet=\u00bb\u00bb header_2_font_size_phone=\u00bb30px\u00bb header_2_font_size_last_edited=\u00bbon|phone\u00bb locked=\u00bboff\u00bb global_colors_info=\u00bb{}\u00bb]<\/p>\n<h5>Registro<\/h5>\n<h2>Como realizar el proceso de matricula<\/h2>\n<p>Para iniciar el proceso de matricula debemos seguir los pasos detallados a continuaci\u00f3n:<\/p>\n<p>&nbsp;<\/p>\n<p>[\/et_pb_text][et_pb_blurb title=\u00bbN\u00fameros de Consulta\u00bb use_icon=\u00bbon\u00bb font_icon=\u00bb&#xe090;||divi||400&#8243; icon_color=\u00bb#7f5aff\u00bb image_icon_background_color=\u00bb#ffffff\u00bb icon_placement=\u00bbleft\u00bb image_icon_width=\u00bb24px\u00bb _builder_version=\u00bb4.21.0&#8243; header_font=\u00bbRubik|700||on|||||\u00bb header_font_size=\u00bb12px\u00bb header_letter_spacing=\u00bb3px\u00bb header_line_height=\u00bb1.2em\u00bb body_font=\u00bbRubik||||||||\u00bb body_text_color=\u00bb#7f5aff\u00bb image_icon_custom_padding=\u00bb8px|8px|8px|8px|false|false\u00bb animation=\u00bboff\u00bb border_radii_image=\u00bbon|100%|100%|100%|100%\u00bb border_width_all_image=\u00bb2px\u00bb border_color_all_image=\u00bb#ffffff\u00bb icon_font_size=\u00bb24px\u00bb use_circle=\u00bbon\u00bb use_circle_border=\u00bbon\u00bb circle_border_color=\u00bb#ffffff\u00bb circle_color=\u00bb#ffffff\u00bb locked=\u00bboff\u00bb global_colors_info=\u00bb{}\u00bb image_icon_background_color__sticky_enabled=\u00bb#2ea3f2&#8243; image_icon_background_color__sticky=\u00bb#2ea3f2&#8243;]<\/p>\n<p>919 285 733 &#8211; 993 464 342<\/p>\n<p>[\/et_pb_blurb][et_pb_blurb title=\u00bbCorreo para Consultas\u00bb use_icon=\u00bbon\u00bb font_icon=\u00bb&#xe076;||divi||400&#8243; icon_color=\u00bb#ff7355&#8243; image_icon_background_color=\u00bb#ffffff\u00bb icon_placement=\u00bbleft\u00bb image_icon_width=\u00bb24px\u00bb _builder_version=\u00bb4.21.0&#8243; header_font=\u00bbRubik|700||on|||||\u00bb header_font_size=\u00bb12px\u00bb header_letter_spacing=\u00bb3px\u00bb header_line_height=\u00bb1.2em\u00bb body_font=\u00bbRubik||||||||\u00bb body_text_color=\u00bb#ff7355&#8243; image_icon_custom_padding=\u00bb8px|8px|8px|8px|false|false\u00bb animation=\u00bboff\u00bb border_radii_image=\u00bbon|100%|100%|100%|100%\u00bb border_width_all_image=\u00bb2px\u00bb border_color_all_image=\u00bb#ffffff\u00bb icon_font_size=\u00bb24px\u00bb use_circle=\u00bbon\u00bb use_circle_border=\u00bbon\u00bb circle_border_color=\u00bb#ffffff\u00bb circle_color=\u00bb#ffffff\u00bb global_colors_info=\u00bb{}\u00bb image_icon_background_color__sticky_enabled=\u00bb#2ea3f2&#8243; image_icon_background_color__sticky=\u00bb#2ea3f2&#8243;]<\/p>\n<p>informes@iespjosejimenezborja.edu.pe<\/p>\n<p>[\/et_pb_blurb][\/et_pb_column][et_pb_column type=\u00bb1_2&#8243; _builder_version=\u00bb4.16&#8243; custom_padding=\u00bb|||\u00bb global_colors_info=\u00bb{}\u00bb custom_padding__hover=\u00bb|||\u00bb][et_pb_text _builder_version=\u00bb4.21.0&#8243; text_font=\u00bbRubik|500|||||||\u00bb text_font_size=\u00bb16px\u00bb text_line_height=\u00bb2em\u00bb header_font=\u00bb||||||||\u00bb header_2_font=\u00bb||||||||\u00bb header_3_font=\u00bbRubik|700|||||||\u00bb header_3_text_color=\u00bb#2b76df\u00bb header_3_font_size=\u00bb42px\u00bb header_5_font=\u00bb||||||||\u00bb max_width=\u00bb700px\u00bb module_alignment=\u00bbcenter\u00bb custom_margin=\u00bb|||\u00bb custom_margin_tablet=\u00bb0px|||\u00bb custom_margin_last_edited=\u00bboff|desktop\u00bb animation_style=\u00bbzoom\u00bb animation_intensity_zoom=\u00bb10%\u00bb text_line_height_last_edited=\u00bboff|desktop\u00bb header_2_font_size_phone=\u00bb30px\u00bb header_2_font_size_last_edited=\u00bboff|desktop\u00bb global_colors_info=\u00bb{}\u00bb]<\/p>\n<h3>01.<\/h3>\n<p>&#8211; Presentar los documentos originales, solicitados en el proceso\u00a0 de Admisi\u00f3n (Estudiantes I ciclo).<\/p>\n<p>&#8211; Completar Formulario de Actualizaci\u00f3n de Datos (Estudiantes a partir del II ciclo).<\/p>\n<p>[\/et_pb_text][et_pb_text _builder_version=\u00bb4.16&#8243; text_font=\u00bbRubik|500|||||||\u00bb text_font_size=\u00bb16px\u00bb text_line_height=\u00bb2em\u00bb header_font=\u00bb||||||||\u00bb header_2_font=\u00bb||||||||\u00bb header_3_font=\u00bbRubik|700|||||||\u00bb header_3_text_color=\u00bb#ff7355&#8243; header_3_font_size=\u00bb42px\u00bb header_5_font=\u00bb||||||||\u00bb max_width=\u00bb700px\u00bb module_alignment=\u00bbcenter\u00bb min_height=\u00bb463px\u00bb custom_margin=\u00bb|||\u00bb custom_margin_tablet=\u00bb0px|||\u00bb custom_margin_last_edited=\u00bboff|desktop\u00bb animation_style=\u00bbzoom\u00bb animation_intensity_zoom=\u00bb10%\u00bb text_line_height_last_edited=\u00bboff|desktop\u00bb header_2_font_size_phone=\u00bb30px\u00bb header_2_font_size_last_edited=\u00bboff|desktop\u00bb inline_fonts=\u00bbAbhaya Libre\u00bb global_colors_info=\u00bb{}\u00bb]<\/p>\n<h3><\/h3>\n<h3>02.<\/h3>\n<p>&#8211; Realizar el pago por concepto de Matr\u00edcula S\/150. en las siguientes cuentas:<\/p>\n<p>BCP: <span style=\"font-size: small;\"><strong>ANDRES BELLO ESCUELA SUPERIOR EIRL\u201d IESPP JOS\u00c9 JIM\u00c9NEZ BORJA\u201d<\/strong><\/span><\/p>\n<ul>\n<li><span style=\"font-family: inherit; font-weight: normal; font-size: medium;\">C.C : 194-8751529-0-80\u00a0\u00a0<\/span><\/li>\n<li><span style=\"font-size: medium; font-family: inherit; font-weight: normal;\"><strong>CCI: 002194008751529080- 94<\/strong><\/span><\/li>\n<\/ul>\n<p><span style=\"font-size: small;\"><strong><\/strong><\/span><\/p>\n<p>\u00a0BANCO DE LA NACI\u00d3N: <span style=\"font-size: small;\"><strong>ANDRES BELLO ESCUELA SUPERIOR EIRL\u201d IESPP JOS\u00c9 JIM\u00c9NEZ BORJA\u201d<\/strong><\/span><\/p>\n<ul>\n<li>00015103345<\/li>\n<\/ul>\n<p>\u00a0&#8211; Enviar el voucher desde sus correo institucional, completando debidamente el Formulario \u00abCOMPROBANTE DE PAGO\u00bb.<\/p>\n<p>[\/et_pb_text][et_pb_text _builder_version=\u00bb4.16&#8243; text_font=\u00bbRubik|500|||||||\u00bb text_font_size=\u00bb16px\u00bb text_line_height=\u00bb2em\u00bb header_font=\u00bb||||||||\u00bb header_2_font=\u00bb||||||||\u00bb header_3_font=\u00bbRubik|700|||||||\u00bb header_3_text_color=\u00bb#74bc19&#8243; header_3_font_size=\u00bb42px\u00bb header_5_font=\u00bb||||||||\u00bb max_width=\u00bb700px\u00bb module_alignment=\u00bbcenter\u00bb custom_margin=\u00bb|||\u00bb custom_margin_tablet=\u00bb0px|||\u00bb custom_margin_last_edited=\u00bboff|desktop\u00bb animation_style=\u00bbzoom\u00bb animation_intensity_zoom=\u00bb10%\u00bb text_line_height_last_edited=\u00bboff|desktop\u00bb header_2_font_size_phone=\u00bb30px\u00bb header_2_font_size_last_edited=\u00bboff|desktop\u00bb global_colors_info=\u00bb{}\u00bb]<\/p>\n<h3>03.<\/h3>\n<p>Recepcionar su constancia de Matricula.<\/p>\n<p>[\/et_pb_text][\/et_pb_column][\/et_pb_row][\/et_pb_section]<\/p>\n","protected":false},"excerpt":{"rendered":"<p>Para poder iniciar el proceso de matr\u00edcula, el estudiante debe de haber aprobado el examen de admisi\u00f3n y presentar los siguientes documentos: Copia fotost\u00e1tica del DNI o Carn\u00e9 de Extranjera. Partida de Nacimiento original. Certificado de estudios de educaci\u00f3n secundaria completa. Dos fotograf\u00edas tama\u00f1o carn\u00e9 de frente con fondo blanco. Completar la \u00abFicha de Actualizaci\u00f3n [&hellip;]<\/p>\n","protected":false},"author":1,"featured_media":0,"parent":0,"menu_order":0,"comment_status":"closed","ping_status":"closed","template":"","meta":{"_et_pb_use_builder":"on","_et_pb_old_content":"","_et_gb_content_width":"","footnotes":""},"class_list":["post-95","page","type-page","status-publish","hentry"],"_links":{"self":[{"href":"https:\/\/iespjosejimenezborja.edu.pe\/index.php?rest_route=\/wp\/v2\/pages\/95","targetHints":{"allow":["GET"]}}],"collection":[{"href":"https:\/\/iespjosejimenezborja.edu.pe\/index.php?rest_route=\/wp\/v2\/pages"}],"about":[{"href":"https:\/\/iespjosejimenezborja.edu.pe\/index.php?rest_route=\/wp\/v2\/types\/page"}],"author":[{"embeddable":true,"href":"https:\/\/iespjosejimenezborja.edu.pe\/index.php?rest_route=\/wp\/v2\/users\/1"}],"replies":[{"embeddable":true,"href":"https:\/\/iespjosejimenezborja.edu.pe\/index.php?rest_route=%2Fwp%2Fv2%2Fcomments&post=95"}],"version-history":[{"count":13,"href":"https:\/\/iespjosejimenezborja.edu.pe\/index.php?rest_route=\/wp\/v2\/pages\/95\/revisions"}],"predecessor-version":[{"id":881,"href":"https:\/\/iespjosejimenezborja.edu.pe\/index.php?rest_route=\/wp\/v2\/pages\/95\/revisions\/881"}],"wp:attachment":[{"href":"https:\/\/iespjosejimenezborja.edu.pe\/index.php?rest_route=%2Fwp%2Fv2%2Fmedia&parent=95"}],"curies":[{"name":"wp","href":"https:\/\/api.w.org\/{rel}","templated":true}]}}